{"id":285,"date":"2021-02-23T17:09:08","date_gmt":"2021-02-23T17:09:08","guid":{"rendered":"https:\/\/keep2share.me\/?page_id=285"},"modified":"2021-02-23T17:09:09","modified_gmt":"2021-02-23T17:09:09","slug":"keep2share-premium-account-the-most-trusted-file-hosting-provider","status":"publish","type":"page","link":"https:\/\/keep2share.me\/pl\/","title":{"rendered":"Keep2Share Premium Account \u2013 Najbardziej zaufany dostawca hostingu plik\u00f3w"},"content":{"rendered":"\n<p>Czy kiedykolwiek mia\u0142e\u015b problem z przechowywaniem i utrat\u0105 wa\u017cnych plik\u00f3w? C\u00f3\u017c, nie martw si\u0119 wi\u0119cej, bo Keep2Share ma ci\u0119! Zm\u0119czony utraty wa\u017cnych dokument\u00f3w, zdj\u0119\u0107, film\u00f3w i audio, lub dowolny plik cyfrowy, kt\u00f3ry jest przechowywany w komputerze z powodu wirus\u00f3w i z\u0142o\u015bliwego oprogramowania? Koniec k\u0142opot\u00f3w z utraty plik\u00f3w za pomoc\u0105 Keep2Share i Keep2Share Premium, gdzie wszystkie pliki b\u0119d\u0105 przechowywane na najwy\u017cszym poziomie bezpiecze\u0144stwa!<\/p>\n\n\n<a class=\"maxbutton-1 maxbutton maxbutton-cta\" target=\"_blank\" rel=\"nofollow noopener\" href=\"\/go\/\"><span class='mb-text'>&gt;&gt; Przejd\u017a do oficjalnej strony Keep2share<\/span><\/a>\n\n\n<p><\/p>\n\n\n\n<h2>Co to jest Keep2Share?<\/h2>\n\n\n\n<p>Keep2Share to darmowa platforma <a href=\"https:\/\/searchmobilecomputing.techtarget.com\/definition\/file-sharing\" target=\"_blank\" rel=\"noreferrer noopener\">udost\u0119pniania plik\u00f3w<\/a> w chmurze i skategoryzowana jako jedna z najlepszych wiod\u0105cych witryn Filehoster. Jest to bezpieczny, elastyczny i niezawodny hosting plik\u00f3w, kt\u00f3ry pozwala u\u017cytkownikowi na pobieranie i przesy\u0142anie plik\u00f3w lub folder\u00f3w. Jest to jedna z wiod\u0105cych platform udost\u0119pniania i znana z przyjaznych dla u\u017cytkownika funkcji. Ta platforma pozwala u\u017cytkownikowi na przechowywanie plik\u00f3w, kt\u00f3re s\u0105 cyfrowe w naturze.<\/p>\n\n\n\n<p>Pliki cyfrowe to pliki danych, kt\u00f3re s\u0105 identyfikowane przez nazw\u0119 i lokalizacj\u0119 w pami\u0119ci komputera i zapisywane w systemie komputerowym w wykonywalnym programie lub dokumencie. Mo\u017cesz zobaczy\u0107 te pliki cyfrowe w nast\u0119puj\u0105cym formacie:<\/p>\n\n\n\n<ul><li>TIFF lub tif aka Tagged Image File Format (format plik\u00f3w graficznych z oznaczeniem)<\/li><li>Bitmap (.bmp) lub BMP aka Bitmap Image File (Plik obraz\u00f3w bitmapowych)<\/li><li>JPEG lub .jpeg aka Joint Photographic Experts Groups (Wsp\u00f3lne Grupy Ekspert\u00f3w Fotograficznych)<\/li><li>GIF vel Graphics Interchange Format (format wymiany grafiki)<\/li><li>PNG aka Portable Network Graphics (przeno\u015bna grafika sieciowa)<\/li><li>EPS lub Encapsulated PostScript<\/li><li>RAW lub .cr2, .nef, .orf, .sr2 itp. to pliki nieprzetworzonych obraz\u00f3w<\/li><li>SVG lub skalowalna grafika wektorowa (Scalable Vector Graphics)<\/li><li>MP4 lub Moving Picture Experts Group<\/li><li>I oczywi\u015bcie pliki dokument\u00f3w, kt\u00f3rymi s\u0105 PPT i .PPTX, .XLS i XLSX, .HTML i .HTM, .ODT, .PDF, .DOC i DOCX, .ODS i .TXT.<\/li><\/ul>\n\n\n\n<h2>Kto mo\u017ce u\u017cywa\u0107 tego FileHostera?<\/h2>\n\n\n\n<p>Czy jeste\u015b pracownikiem, przedsi\u0119biorc\u0105, nauczycielem, studentem, lub kimkolwiek jeste\u015b, mo\u017cesz u\u017cy\u0107 Keep2Share, aby zapisa\u0107 lub udost\u0119pni\u0107 swoje wa\u017cne pliki cyfrowe. I nie musisz si\u0119 martwi\u0107 o poufnych plik\u00f3w, poniewa\u017c udost\u0119pnianie plik\u00f3w mo\u017ce by\u0107 dostosowane do publicznych, prywatnych, lub do konkretnych os\u00f3b, z kt\u00f3rymi chcesz si\u0119 podzieli\u0107.<\/p>\n\n\n\n<h2>Dlaczego go potrzebujesz?<\/h2>\n\n\n\n<p>Drop k\u0142opot\u00f3w z noszeniem wok\u00f3\u0142 pami\u0119ci USB lub zewn\u0119trznej pami\u0119ci masowej lub nap\u0119du dysk\u00f3w optycznych z wolnej pr\u0119dko\u015bci transferu tylko do udost\u0119pniania plik\u00f3w do innego urz\u0105dzenia. Za pomoc\u0105 tego mo\u017cna przesy\u0142a\u0107 pliki lub foldery online w jednej chwili!<\/p>\n\n\n\n<p>Przechowuj i organizuj swoje pliki cyfrowe w Keep2Share, aby mie\u0107 do nich dost\u0119p w dowolnym miejscu i czasie, wystarczy, \u017ce uzyskasz link do konkretnych przes\u0142anych plik\u00f3w, kt\u00f3re chcesz udost\u0119pni\u0107. Mo\u017cesz r\u00f3wnie\u017c u\u017cy\u0107 udost\u0119pnionego linku w wiadomo\u015bciach e-mail, zamiast wysy\u0142a\u0107 je jako du\u017ce za\u0142\u0105czniki.<\/p>\n\n\n\n<h2>Jak korzysta\u0107 z Keep2Share?<\/h2>\n\n\n\n<p>Nie trzeba pobiera\u0107 i instalowa\u0107 Keep2Share, wszystko, co musisz zrobi\u0107, to otworzy\u0107 przegl\u0105dark\u0119 i jeste\u015b gotowy do pracy. Bezproblemowe i wolne od wirus\u00f3w!<\/p>\n\n\n\n<p>Oto kroki, kt\u00f3re pozwol\u0105 Ci szybko i bezproblemowo zdalnie przechowywa\u0107 dane z Keep2Share:<\/p>\n\n\n\n<p>Krok 1. Otw\u00f3rz przegl\u0105dark\u0119 i wejd\u017a na stron\u0119 https:\/\/keep2share.cc.<\/p>\n\n\n\n<p>Krok 2. Zarejestruj si\u0119 za DARMO i Zaloguj si\u0119 do konta w Keep2Share.<\/p>\n\n\n\n<p>Krok 3. Na swoim komputerze wybierz plik lub folder, kt\u00f3ry chcesz przes\u0142a\u0107 z laptopa lub komputera stacjonarnego. Masz mo\u017cliwo\u015b\u0107 uczynienia go publicznym, prywatnym lub udost\u0119pnionym.<\/p>\n\n\n\n<p>Krok 4. Mo\u017cesz przeci\u0105gn\u0105\u0107 lub r\u0119cznie przes\u0142a\u0107 wybrany plik\/folder z komputera lub laptopa na swoje konto Keep2Share.<\/p>\n\n\n\n<h2>Hosting plik\u00f3w Downloader<\/h2>\n\n\n\n<p>Keep2share jest innowacyjny plik i bardzo elastyczna platforma udost\u0119pniania co czyni go innym w por\u00f3wnaniu do innych hoster\u00f3w plik\u00f3w. To pozwala klientom na korzystanie z zewn\u0119trznych downloader\u00f3w ich wyboru, aby zwi\u0119kszy\u0107 ich pobrania. Skuteczny spos\u00f3b, aby zaoszcz\u0119dzi\u0107 czas, gdy klienci maj\u0105 du\u017co plik\u00f3w do pobrania.<\/p>\n\n\n\n<h2>Jak wgra\u0107 swoje pliki na platform\u0119?<\/h2>\n\n\n\n<p>Po zalogowaniu si\u0119, musisz przej\u015b\u0107 do strony swojego konta i poszuka\u0107 przycisku przesy\u0142ania. Zostaniesz zapytany, czy zgadzasz si\u0119 na Warunki i Zasady platformy. Ma to na celu upewnienie si\u0119, \u017ce u\u017cytkownicy przeczytali i zrozumieli, jakiego typu pliki nie s\u0105 dozwolone na platformie. Po wyra\u017ceniu zgody, mo\u017cesz klikn\u0105\u0107 przycisk &#8222;Start&#8221; i proces przesy\u0142ania rozpocznie si\u0119 od razu.<\/p>\n\n\n\n<p>Po przes\u0142aniu plik\u00f3w, mo\u017cesz teraz ustawi\u0107, czy chcesz, aby publiczny dost\u0119p do niego lub po prostu zrobi\u0107 to w prywatnym dost\u0119pie. Istnieje r\u00f3wnie\u017c przycisk, kt\u00f3ry pozwala uzyska\u0107 link do pliku, aby \u0142atwo podzieli\u0107 si\u0119 nim z innymi lud\u017ami, do kt\u00f3rych chcesz mie\u0107 dost\u0119p.<\/p>\n\n\n\n<h2>Konta Premium<\/h2>\n\n\n\n<p>Bezpieczne, szybkie wysy\u0142anie, pobieranie i dost\u0119pno\u015b\u0107 &#8211; je\u015bli mo\u017cesz uzyska\u0107 wszystkie te funkcje z Keep2share za darmo, co wi\u0119cej mo\u017cna uzyska\u0107 z konta premium i pro?<\/p>\n\n\n\n<p>Klienci mog\u0105 nadal korzysta\u0107 z darmowego konta, poniewa\u017c nie jest obowi\u0105zkowe, aby zapisa\u0107 si\u0119 na konto premium lub premium pro. Je\u015bli kiedykolwiek klienci nadal nie s\u0105 pewni, aby uzyska\u0107 Keep2share konto premium lub nie mog\u0105 nadal korzysta\u0107 z jego funkcji premium na okres pr\u00f3bny. Ale, zbyt du\u017ce pliki mog\u0105 nie wystarczy\u0107, je\u015bli masz tylko darmowe konto. Zalecamy przej\u015bcie do jednego z kont Premium dla wi\u0119kszej przestrzeni.<\/p>\n\n\n\n<p>Istniej\u0105 3 rodzaje kont Keep2share:<\/p>\n\n\n\n<figure class=\"wp-block-table\"><table><tbody><tr><td>WOLNE konto<\/td><td>Konto PREMIUM<\/td><td>Konto PREMIUM PRO<\/td><\/tr><tr><td>$0 miesi\u0119cznie<\/td><td>$9.50 miesi\u0119cznie<\/td><td>$11.75 miesi\u0119cznie<\/td><\/tr><tr><td>50 KB\/s Pr\u0119dko\u015b\u0107 pobierania<\/td><td>Pobieranie z du\u017c\u0105 pr\u0119dko\u015bci\u0105<\/td><td>Maksymalna pr\u0119dko\u015b\u0107 pobierania<\/td><\/tr><tr><td>Limit 1 GB na pobranie pliku<\/td><td>20 GB limitu pobierania plik\u00f3w na dzie\u0144<\/td><td>50 GB limitu pobierania plik\u00f3w na dzie\u0144<\/td><\/tr><tr><td>Jedno pobranie na raz<\/td><td>Jednoczesne pobieranie<\/td><td>Jednoczesne pobieranie<\/td><\/tr><tr><td>Dost\u0119p do \u0142\u0105czy wsp\u00f3\u0142dzielonych<\/td><td>Dost\u0119p do \u0142\u0105czy wsp\u00f3\u0142dzielonych<\/td><td>Dost\u0119p do \u0142\u0105czy wsp\u00f3\u0142dzielonych<\/td><\/tr><tr><td><\/td><td>Dozwolony akcelerator pobierania innej firmy<\/td><td>Dozwolony akcelerator pobierania innej firmy<\/td><\/tr><tr><td><\/td><td>Mened\u017cer pobierania dozwolony<\/td><td>Mened\u017cer pobierania dozwolony<\/td><\/tr><tr><td><\/td><td>Mo\u017cliwo\u015b\u0107 pobrania CV<\/td><td>Mo\u017cliwo\u015b\u0107 pobrania CV<\/td><\/tr><tr><td><\/td><td><\/td><td>Dodatkowe 10 GB maksymalnego rozmiaru dla ka\u017cdego pobrania<\/td><\/tr><tr><td><\/td><td><\/td><td>Anonimowe pobieranie plik\u00f3w<\/td><\/tr><tr><td><\/td><td><\/td><td>Malware i Anti Virus File Checker<\/td><\/tr><tr><td><\/td><td><\/td><td>Nieograniczony podgl\u0105d wideo online<\/td><\/tr><tr><td><\/td><td><\/td><td>Wi\u0119ksza pami\u0119\u0107 masowa<\/td><\/tr><\/tbody><\/table><\/figure>\n\n\n\n<p>Wielu klient\u00f3w sugeruje korzystanie z Konta Premium i Konta Premium Pro, aby zmaksymalizowa\u0107 efektywno\u015b\u0107, produktywno\u015b\u0107 produktu i dla spokoju ducha. W przypadku, gdy nadal masz w\u0105tpliwo\u015bci, oto elastyczny <a href=\"https:\/\/searchcloudcomputing.techtarget.com\/definition\/subscription-based-pricing-model\" target=\"_blank\" rel=\"noreferrer noopener\">abonament <\/a>Keep2share, kt\u00f3ry jest dopasowany do Twoich potrzeb:<\/p>\n\n\n<a class=\"maxbutton-1 maxbutton maxbutton-cta\" target=\"_blank\" rel=\"nofollow noopener\" href=\"\/go\/\"><span class='mb-text'>&gt;&gt; Przejd\u017a do oficjalnej strony Keep2share<\/span><\/a>\n\n\n<p><\/p>\n\n\n\n<p>TRIAL (przez 3 dni)<\/p>\n\n\n\n<figure class=\"wp-block-table\"><table><tbody><tr><td>Konto Premium<\/td><td>$6.95 przez 3 dni<\/td><\/tr><tr><td>Konto Premium Pro<\/td><td>$8.95 przez 3 dni<\/td><\/tr><\/tbody><\/table><\/figure>\n\n\n\n<p>MIESI\u0118CZNIE (przez 30 dni)<\/p>\n\n\n\n<figure class=\"wp-block-table\"><table><tbody><tr><td>Konto Premium<\/td><td>$16.95 miesi\u0119cznie<\/td><\/tr><tr><td>Konto Premium Pro<\/td><td>$21.95 miesi\u0119cznie<\/td><\/tr><\/tbody><\/table><\/figure>\n\n\n\n<p>KWARTALNIE (przez 90 dni)<\/p>\n\n\n\n<figure class=\"wp-block-table\"><table><tbody><tr><td>Konto Premium<\/td><td>$13.98\u00a0 miesi\u0119cznie<\/td><\/tr><tr><td>Konto Premium Pro<\/td><td>$17.32\u00a0 miesi\u0119cznie<\/td><\/tr><\/tbody><\/table><\/figure>\n\n\n\n<p>ROCZNIE (przez 365 dni)<\/p>\n\n\n\n<figure class=\"wp-block-table\"><table><tbody><tr><td>Konto Premium<\/td><td>$9.50\u00a0 miesi\u0119cznie<\/td><\/tr><tr><td>Konto Premium Pro<\/td><td>$11.75\u00a0 miesi\u0119cznie<\/td><\/tr><\/tbody><\/table><\/figure>\n\n\n\n<h2>P\u0142atno\u015b\u0107<\/h2>\n\n\n\n<figure class=\"wp-block-image size-large\"><img loading=\"lazy\" width=\"450\" height=\"275\" src=\"https:\/\/keep2share.me\/wp-content\/uploads\/2021\/02\/Payment-Logo.png\" alt=\"Payment Logo\" class=\"wp-image-275\" srcset=\"https:\/\/keep2share.me\/wp-content\/uploads\/2021\/02\/Payment-Logo.png 450w, https:\/\/keep2share.me\/wp-content\/uploads\/2021\/02\/Payment-Logo-300x183.png 300w, https:\/\/keep2share.me\/wp-content\/uploads\/2021\/02\/Payment-Logo-250x153.png 250w\" sizes=\"(max-width: 450px) 100vw, 450px\" \/><\/figure>\n\n\n\n<p>Klienci mog\u0105 p\u0142aci\u0107 za po\u015brednictwem tych g\u0142\u00f3wnych centr\u00f3w p\u0142atno\u015bci wygodnie. Keep2share zapewnia, \u017ce wszystkie Twoje zakupy s\u0105 w najwy\u017cszym stopniu poufne i bezpieczne. Wszystkie transakcje s\u0105 bezpieczne i zaszyfrowane, aby unikn\u0105\u0107 z\u0142o\u015bliwych manipulacji kont bankowych u\u017cytkownik\u00f3w. Keep2share zawsze gwarantuje bezproblemowe do\u015bwiadczenie dla swoich klient\u00f3w.<\/p>\n\n\n\n<h2>Zarabianie pieni\u0119dzy z Keep2Share<\/h2>\n\n\n\n<p>Co wi\u0119cej mo\u017cna zrobi\u0107 z us\u0142ug\u0105 hostingu plik\u00f3w? Mo\u017cesz my\u015ble\u0107 o po prostu zapisywanie plik\u00f3w tutaj, ale trzeba spojrze\u0107 bli\u017cej, kopa\u0107 g\u0142\u0119biej, jak mo\u017ce by\u0107 coraz got\u00f3wki z niego. Z Keep2Share&#8217;s program monetyzacji, pozwala sprzedawa\u0107 swoje wirtualne produkty w tej samej platformie! B\u0119dziesz si\u0119 75% z wszystkich sprzeda\u017cy.<\/p>\n\n\n\n<h3>Jak to dzia\u0142a?<\/h3>\n\n\n\n<p>W Platformie Money nale\u017cy wgra\u0107 pliki, kt\u00f3re mog\u0105 by\u0107 wgrane z przegl\u0105darki, z innych stron internetowych lub FTP. Teraz trzeba b\u0119dzie udost\u0119pni\u0107 pliki poprzez zamieszczenie link\u00f3w lub dodanie odtwarzaczy wideo na swoich stronach. U\u017cytkownicy, kt\u00f3rzy b\u0119d\u0105 chcieli ogl\u0105da\u0107 i pobiera\u0107 Pa\u0144stwa pliki, zostan\u0105 poproszeni o zap\u0142at\u0119 w zamian za dost\u0119p. B\u0119d\u0105 musieli zap\u0142aci\u0107 platformie za to, a stamt\u0105d b\u0119dziesz otrzymywa\u0107 sprzeda\u017c.<\/p>\n\n\n\n<h2>Key Characteristic of a Good File Hoster<\/h2>\n\n\n\n<ol><li>Bezpieczny i pewny transfer plik\u00f3w<\/li><\/ol>\n\n\n\n<p>Jako jeden z wiod\u0105cych hoster\u00f3w plik\u00f3w Keep2Share zapewnia, \u017ce wszystkie pliki do pobrania s\u0105 bezpieczne od z\u0142o\u015bliwych atak\u00f3w i potencjalnych wirus\u00f3w, zw\u0142aszcza gdy uaktualniony do jednego z kont premium. U\u017cywa wysokiej klasy bezpiecznego uwierzytelniania, kt\u00f3re uniemo\u017cliwia nieautoryzowany dost\u0119p w celu ochrony informacji u\u017cytkownik\u00f3w.<\/p>\n\n\n\n<ol start=\"2\"><li>Funkcje pobierania<\/li><\/ol>\n\n\n\n<p>Jedn\u0105 z najlepszych rzeczy, hoster plik\u00f3w mo\u017ce zaoferowa\u0107 jest pr\u0119dko\u015b\u0107 pobierania. Posiada funkcj\u0119 ponadd\u017awi\u0119kowej pr\u0119dko\u015bci pobierania i pozwala u\u017cytkownikom na pobieranie wielu plik\u00f3w w tym samym czasie bez przerwy. Keep2Share Premium integruje si\u0119 r\u00f3wnie\u017c z aplikacjami innych firm, aby zwi\u0119kszy\u0107 pr\u0119dko\u015b\u0107 pobierania i zmaksymalizowa\u0107 swoj\u0105 produktywno\u015b\u0107 i wydajno\u015b\u0107.<\/p>\n\n\n\n<ol start=\"3\"><li>Dost\u0119pno\u015b\u0107 i elastyczno\u015b\u0107<\/li><\/ol>\n\n\n\n<p>Hoster plik\u00f3w powinien by\u0107 wystarczaj\u0105co elastyczny, aby uzyska\u0107 dost\u0119p do plik\u00f3w w ka\u017cdym \u015brodowisku jest jedn\u0105 z g\u0142\u00f3wnych cech Keep2Share. Pozwalaj\u0105c zarz\u0105dza\u0107 uprawnieniami do wszystkich plik\u00f3w w ka\u017cdej lokalizacji dla do\u015bwiadczenia k\u0142opot\u00f3w. Idealny dla w\u0142a\u015bcicieli firm i dla ludzi, kt\u00f3rzy potrzebuj\u0105 du\u017cych plik\u00f3w do udost\u0119pniania.<\/p>\n\n\n\n<ol start=\"4\"><li>Obs\u0142uga klienta<\/li><\/ol>\n\n\n\n<p>Keep2Share zapewnia terminow\u0105, troskliw\u0105, optymistyczn\u0105 obs\u0142ug\u0119 klienta i upewnia si\u0119, \u017ce jego potrzeby s\u0105 spe\u0142nione. Zapewniaj\u0105 pomocne odpowiedzi dla u\u017cytkownik\u00f3w dla wyj\u0105tkowego do\u015bwiadczenia obs\u0142ugi klienta.<\/p>\n\n\n\n<ol start=\"5\"><li>Ulepszone funkcje dla ulepszonego konta<\/li><\/ol>\n\n\n\n<p>Nie wszystkie hostingi plik\u00f3w mo\u017ce zaoferowa\u0107 wiele uaktualnie\u0144, nawet je\u015bli uaktualniony p\u0142atno\u015bci. Z Keep2Share ka\u017cdy grosz si\u0119 liczy! Z premium i premium pro, u\u017cytkownicy mog\u0105 mie\u0107 dodatkowe funkcje, takie jak zdalne udost\u0119pnianie, jednoczesne pobieranie, virus file checker, wznawianie pobierania, nieograniczone odtwarzanie film\u00f3w online, wi\u0119ksze przechowywanie plik\u00f3w i wi\u0119cej.<\/p>\n\n\n\n<figure class=\"wp-block-image size-large\"><img loading=\"lazy\" width=\"430\" height=\"286\" src=\"https:\/\/keep2share.me\/wp-content\/uploads\/2021\/02\/Keep2Share-Premium-Account-Reviews.jpg\" alt=\"Keep2Share Premium Account Reviews\" class=\"wp-image-274\" srcset=\"https:\/\/keep2share.me\/wp-content\/uploads\/2021\/02\/Keep2Share-Premium-Account-Reviews.jpg 430w, https:\/\/keep2share.me\/wp-content\/uploads\/2021\/02\/Keep2Share-Premium-Account-Reviews-300x200.jpg 300w, https:\/\/keep2share.me\/wp-content\/uploads\/2021\/02\/Keep2Share-Premium-Account-Reviews-250x166.jpg 250w\" sizes=\"(max-width: 430px) 100vw, 430px\" \/><\/figure>\n\n\n\n<h2>Cz\u0119sto zadawane pytania (FAQ)<\/h2>\n\n\n\n<h3>Czy moje przes\u0142ane pliki s\u0105 dost\u0119pne dla innych?<\/h3>\n\n\n\n<p>Tak, ale tylko wtedy, gdy zdecydujesz si\u0119 udost\u0119pni\u0107 link lub dost\u0119p do niekt\u00f3rych plik\u00f3w.<\/p>\n\n\n\n<h3>Jakie pliki mog\u0105 by\u0107 wysy\u0142ane i pobierane?<\/h3>\n\n\n\n<p>Wszystkie rodzaje plik\u00f3w cyfrowych mog\u0105 by\u0107 wysy\u0142ane lub pobierane przez u\u017cytkownik\u00f3w, nawet te <a href=\"https:\/\/www.lifewire.com\/what-is-a-compressed-file-2625829\" target=\"_blank\" rel=\"noreferrer noopener\">skompresowane<\/a>. Keep2Share skanuje pliki w poszukiwaniu wirus\u00f3w zanim zostan\u0105 one udost\u0119pnione lub pobrane.<\/p>\n\n\n\n<h3>Jak mog\u0119 uaktualni\u0107 konto do konta premium?<\/h3>\n\n\n\n<p>Wykonaj poni\u017csze kroki:<\/p>\n\n\n\n<ul><li>Zaloguj si\u0119 na swoje konto Keep2Share.<\/li><li>Wejd\u017a na stron\u0119 https:\/\/k2s.cc\/premium i przejd\u017a do Billing, a nast\u0119pnie Subscriptions.<\/li><li>Wybierz konto Premium lub Premium Pro.<\/li><li>Kliknij przycisk Dodaj subskrypcj\u0119.<\/li><li>Kliknij przycisk Uaktualnij.<\/li><li>Wybierz plan p\u0142atno\u015bci.<\/li><li>Kliknij przycisk Do kasy.<\/li><li>Kliknij Z\u0142\u00f3\u017c zam\u00f3wienie.<\/li><\/ul>\n\n\n\n<h3>Czy mog\u0119 pobiera\u0107 wiele plik\u00f3w w tym samym czasie?<\/h3>\n\n\n\n<p>Tak, je\u015bli subskrybujesz konto Premium lub Pro.<\/p>\n\n\n\n<h3>Jak mog\u0119 za\u0142o\u017cy\u0107 konto?<\/h3>\n\n\n\n<p>Aby za\u0142o\u017cy\u0107 konto Keep2Share, u\u017cyj swojego Gmaila lub mo\u017cesz za\u0142o\u017cy\u0107 konto e-mail.<\/p>\n\n\n\n<h2>Wniosek<\/h2>\n\n\n\n<p>Przed wyborem odpowiedniego hostingu plik\u00f3w, osoba musi dok\u0142adnie wiedzie\u0107, rodzaj platformy, kt\u00f3r\u0105 zamierzaj\u0105 wykorzysta\u0107. Z tym, nowi u\u017cytkownicy mog\u0105 zmaksymalizowa\u0107 funkcje hostingu plik\u00f3w mo\u017ce zaoferowa\u0107. Keep2Share Premium jest pot\u0119\u017cnym zdalnego pliku opartego na <a href=\"https:\/\/www.howitworksdaily.com\/cloud-storage-what-is-it-and-how-does-it-work\/\" target=\"_blank\" rel=\"noreferrer noopener\">chmurze przechowywania<\/a>. Z wielu zalet, aby zwi\u0119kszy\u0107 produktywno\u015b\u0107 u\u017cytkownika nic dziwnego, to jest teraz jednym z wiod\u0105cych multi hostingu i hostingu plik\u00f3w. Poniewa\u017c jest \u0142atwy w u\u017cyciu, to hosting plik\u00f3w platforma staje si\u0119 konieczno\u015bci\u0105 narz\u0119dzie produktywno\u015bci dla ka\u017cdego, czy jeste\u015b studentem lub w\u0142a\u015bciciel ma\u0142ej firmy lub firmy z listy Fortune 500, mo\u017ce to by\u0107 do u\u017cytku zawodowego lub osobistego, Keep2Share jest tutaj dla Ciebie.<\/p>\n\n\n\n<p>Premium gwarantuje bezpiecze\u0144stwo, poniewa\u017c wszystkie pliki s\u0105 chronione, informacje o p\u0142atno\u015bci klienta s\u0105 anonimowe i zabezpieczone, wszystkie pliki mo\u017cna pobra\u0107 bez wirus\u00f3w. Solidna ochrona i przyst\u0119pna cena dla jego u\u017cytkownika. Istnieje wiele hostingu plik\u00f3w tam, ale Keep2Share wyr\u00f3\u017cnia si\u0119, ze wzgl\u0119du na jego wydajno\u015b\u0107 pobierania, tylko jedno klikni\u0119cie pozwoli zaoszcz\u0119dzi\u0107 du\u017co czasu, dzi\u0119ki unikalnej funkcji zintegrowanych akcelerator\u00f3w pobierania stron trzecich.<\/p>\n\n\n\n<p>Kolejn\u0105 zalet\u0105 korzystania z tego, jest jego zdolno\u015b\u0107 adaptacji i kompatybilno\u015b\u0107, poniewa\u017c ten hoster plik\u00f3w mo\u017ce by\u0107 u\u017cywany do Windows lub MAC. To mo\u017ce by\u0107 otwarty na ka\u017cdym komputerze, wi\u0119c u\u017cytkownicy mog\u0105 zawsze mie\u0107 dost\u0119p lub pobra\u0107 swoje pliki w dowolnym miejscu i czasie.<\/p>\n\n\n\n<p>Keep2Share jest przyjazny dla u\u017cytkownika i \u0142atwy w nawigacji. W przeciwie\u0144stwie do innych hoster\u00f3w plik\u00f3w, gdzie jest wiele konfiguracji lub dodatkowych krok\u00f3w przed mo\u017cna przes\u0142a\u0107 lub pobra\u0107, ma prosty interfejs i \u0142atw\u0105 nawigacj\u0119 dla nietechnicznych u\u017cytkownik\u00f3w. Brak skomplikowanych ustawie\u0144 u\u0142atwia zarz\u0105dzanie du\u017c\u0105 liczb\u0105 plik\u00f3w.<\/p>\n\n\n\n<p>Poniewa\u017c Keep2Share chce u\u0142atwi\u0107 \u017cycie swoim klientom, ma zesp\u00f3\u0142 ekspert\u00f3w, kt\u00f3ry nigdy nie przestaje bada\u0107 i wprowadza\u0107 innowacji. Wi\u0119c za\u0142o\u017c\u0119 si\u0119, \u017ce nawet Twoja babcia mo\u017ce tego u\u017cywa\u0107 bez wi\u0119kszych problem\u00f3w.<\/p>\n\n\n\n<p>W czasach problem\u00f3w z systemem u\u017cywaj\u0105c Keep2Share, maj\u0105 responsywn\u0105 i przyjazn\u0105 obs\u0142ug\u0119 klienta, kt\u00f3ra zajmuje si\u0119 problemami u\u017cytkownika profesjonalnie i szybko.<\/p>\n\n\n\n<p>Dla wi\u0119kszego spokoju zaleca si\u0119 korzystanie z wersji Premium lub Premium Pro.<\/p>\n\n\n<a class=\"maxbutton-1 maxbutton maxbutton-cta\" target=\"_blank\" rel=\"nofollow noopener\" href=\"\/go\/\"><span class='mb-text'>&gt;&gt; Przejd\u017a do oficjalnej strony Keep2share<\/span><\/a>\n\n\n<p><\/p>\n","protected":false},"excerpt":{"rendered":"<p>Czy kiedykolwiek mia\u0142e\u015b problem z przechowywaniem i utrat\u0105 wa\u017cnych plik\u00f3w? C\u00f3\u017c, nie martw si\u0119 wi\u0119cej, bo Keep2Share ma ci\u0119! Zm\u0119czony utraty wa\u017cnych dokument\u00f3w, zdj\u0119\u0107, film\u00f3w i audio, lub dowolny plik cyfrowy, kt\u00f3ry jest przechowywany w komputerze z powodu wirus\u00f3w i z\u0142o\u015bliwego oprogramowania? Koniec k\u0142opot\u00f3w z utraty plik\u00f3w za pomoc\u0105 Keep2Share i Keep2Share Premium, gdzie wszystkie [&hellip;]<\/p>\n","protected":false},"author":7,"featured_media":0,"parent":0,"menu_order":0,"comment_status":"closed","ping_status":"closed","template":"full-width.php","meta":[],"_links":{"self":[{"href":"https:\/\/keep2share.me\/pl\/wp-json\/wp\/v2\/pages\/285"}],"collection":[{"href":"https:\/\/keep2share.me\/pl\/wp-json\/wp\/v2\/pages"}],"about":[{"href":"https:\/\/keep2share.me\/pl\/wp-json\/wp\/v2\/types\/page"}],"author":[{"embeddable":true,"href":"https:\/\/keep2share.me\/pl\/wp-json\/wp\/v2\/users\/7"}],"replies":[{"embeddable":true,"href":"https:\/\/keep2share.me\/pl\/wp-json\/wp\/v2\/comments?post=285"}],"version-history":[{"count":1,"href":"https:\/\/keep2share.me\/pl\/wp-json\/wp\/v2\/pages\/285\/revisions"}],"predecessor-version":[{"id":289,"href":"https:\/\/keep2share.me\/pl\/wp-json\/wp\/v2\/pages\/285\/revisions\/289"}],"wp:attachment":[{"href":"https:\/\/keep2share.me\/pl\/wp-json\/wp\/v2\/media?parent=285"}],"curies":[{"name":"wp","href":"https:\/\/api.w.org\/{rel}","templated":true}]}}