{"id":284,"date":"2021-02-23T16:39:51","date_gmt":"2021-02-23T16:39:51","guid":{"rendered":"https:\/\/keep2share.me\/?page_id=284"},"modified":"2021-02-23T16:40:00","modified_gmt":"2021-02-23T16:40:00","slug":"keep2share-premium-account-the-most-trusted-file-hosting-provider","status":"publish","type":"page","link":"https:\/\/keep2share.me\/it\/","title":{"rendered":"Keep2Share Premium Account \u2013 Il fornitore di hosting di file pi\u00f9 affidabile"},"content":{"rendered":"\n<p>Hai mai avuto problemi a memorizzare e perdere i tuoi file importanti? Bene, non preoccuparti pi\u00f9 perch\u00e9 Keep2Share ti ha preso! Stanco di perdere i tuoi documenti importanti, foto, video e audio, o qualsiasi altro file digitale che \u00e8 memorizzato nel tuo computer a causa di virus e malware? Metti fine alla seccatura di perdere i tuoi file utilizzando Keep2Share e Keep2Share Premium dove tutti i file saranno conservati al massimo livello di sicurezza!<\/p>\n\n\n<a class=\"maxbutton-1 maxbutton maxbutton-cta\" target=\"_blank\" rel=\"nofollow noopener\" href=\"\/go\/\"><span class='mb-text'>&gt;&gt; Vai al sito ufficiale di Keep2share<\/span><\/a>\n\n\n<p><\/p>\n\n\n\n<h2>Cos&#8217;\u00e8 Keep2Share?<\/h2>\n\n\n\n<p>Keep2Share \u00e8 una piattaforma di <a href=\"https:\/\/searchmobilecomputing.techtarget.com\/definition\/file-sharing\" target=\"_blank\" rel=\"noreferrer noopener\">condivisione di file<\/a> cloud gratuita e classificata come uno dei principali siti web Filehoster. Si tratta di un file hosting sicuro, flessibile e affidabile che permette all&#8217;utente di scaricare e caricare file o cartelle. \u00c8 una delle principali piattaforme di condivisione e conosciuta per le sue caratteristiche user-friendly. Questa piattaforma permette all&#8217;utente di memorizzare i file che sono di natura digitale.<\/p>\n\n\n\n<p>I file digitali sono i file di dati che vengono identificati per nome e posizione nella memoria del computer e salvati in un sistema informatico in un programma o documento eseguibile. Potete vedere questi file digitali nel seguente formato:<\/p>\n\n\n\n<ul><li>TIFF o tif alias Tagged Image File Format<\/li><li>Bitmap (.bmp) o BMP aka Bitmap Image File<\/li><li>JPEG o .jpeg aka Joint Photographic Experts Groups<\/li><li>GIF alias Graphics Interchange Format<\/li><li>PNG alias Portable Network Graphics<\/li><li>EPS alias Encapsulated PostScript<\/li><li>RAW o .cr2, .nef, .orf, .sr2, ecc. sono file di immagini non elaborate<\/li><li>SVG o Grafica Vettoriale Scalabile<\/li><li>MP4 o Moving Picture Experts Group<\/li><li>E naturalmente, i file di documenti che sono PPT e .PPTX, .XLS e XLSX, .HTML e .HTM, .ODT, .PDF, .DOC e DOCX, .ODS e .TXT.<\/li><\/ul>\n\n\n\n<h2>Chi pu\u00f2 usare questo FileHoster?<\/h2>\n\n\n\n<p>Che tu sia un impiegato, un imprenditore, un insegnante, uno studente, o chiunque tu sia, puoi usare Keep2Share per salvare o condividere i tuoi importanti file digitali. E non devi preoccuparti dei file confidenziali perch\u00e9 la condivisione dei tuoi file pu\u00f2 essere personalizzata a pubblico, privato o a persone specifiche con cui vuoi condividerli.<\/p>\n\n\n\n<h2>Perch\u00e9 ne avete bisogno?<\/h2>\n\n\n\n<p>Lasciate perdere il fastidio di portare in giro chiavette USB o unit\u00e0 di archiviazione esterna o disco ottico con velocit\u00e0 di trasferimento lenta solo per condividere i file su un altro dispositivo. Usando questo \u00e8 possibile trasferire file o cartelle online in un istante!<\/p>\n\n\n\n<p>Memorizza e organizza i tuoi file digitali in Keep2Share per potervi accedere in qualsiasi momento e ovunque semplicemente ottenendo il link di specifici file caricati che vorresti condividere o puoi anche utilizzare il link condiviso nelle e-mail, invece di inviarli come allegati di grandi dimensioni.<\/p>\n\n\n\n<h2>Come usare Keep2Share?<\/h2>\n\n\n\n<p>Non c&#8217;\u00e8 bisogno di scaricare e installare Keep2Share, tutto quello che devi fare \u00e8 aprire il tuo browser e sei pronto a partire. Senza problemi e senza virus!<\/p>\n\n\n\n<p>Ecco i passi per il tuo storage remoto veloce e senza problemi con Keep2Share:<\/p>\n\n\n\n<p>Passo 1. Apri il tuo browser, vai su https:\/\/keep2share.cc<\/p>\n\n\n\n<p>Passo 2. Registrati GRATIS e accedi a un account su Keep2Share.<\/p>\n\n\n\n<p>Passo 3. Sul tuo computer, scegli il file o la cartella che vuoi caricare dal tuo portatile o desktop. Hai la possibilit\u00e0 di renderlo pubblico, privato o condiviso.<\/p>\n\n\n\n<p>Passo 4. Puoi trascinare o caricare manualmente il file\/cartella scelto dal tuo computer o portatile al tuo account Keep2Share.<\/p>\n\n\n\n<h2>Scaricatore di file<\/h2>\n\n\n\n<p>Keep2share \u00e8 un file innovativo e una piattaforma di condivisione molto flessibile che lo rende diverso rispetto ad altri hoster di file. Consente ai clienti di utilizzare downloader di terze parti di loro scelta per aumentare i loro download. Un modo efficace per risparmiare tempo quando i clienti hanno una massa di file da scaricare.<\/p>\n\n\n\n<h2>Come caricare i tuoi file sulla piattaforma?<\/h2>\n\n\n\n<p>Dopo il login, devi andare alla pagina del tuo account e cercare il pulsante di caricamento. Vi verr\u00e0 chiesto se siete d&#8217;accordo con i termini e le condizioni della piattaforma. Questo per assicurarsi che gli utenti abbiano letto e capito che tipo di file non sono ammessi nella piattaforma. Dopo aver accettato, puoi cliccare sul pulsante &#8220;Start&#8221; e il processo di caricamento inizier\u00e0 subito.<\/p>\n\n\n\n<p>Dopo aver caricato i file, \u00e8 possibile impostare se si desidera che il pubblico possa accedervi o solo renderlo in accesso privato. C&#8217;\u00e8 anche un pulsante che ti permette di ottenere il link del file per condividerlo facilmente con altre persone a cui vuoi avere accesso.<\/p>\n\n\n\n<h2>I conti premium<\/h2>\n\n\n\n<p>Sicuro, veloce nell&#8217;upload, nel download e nell&#8217;accessibilit\u00e0 &#8211; se puoi avere tutte queste caratteristiche con Keep2share gratuitamente, cosa puoi avere in pi\u00f9 con un account premium e pro?<\/p>\n\n\n\n<p>I clienti possono ancora godere dell&#8217;account gratuito poich\u00e9 non \u00e8 obbligatorio sottoscrivere un account premium o premium pro. Se mai i clienti non sono ancora sicuri di ottenere un account premium Keep2share o no, possono ancora godere delle sue caratteristiche premium per un periodo di prova. Ma, i file troppo grandi potrebbero non essere sufficienti se hai solo un account gratuito. Ti consigliamo vivamente di passare a uno degli account Premium per avere uno spazio maggiore.<\/p>\n\n\n\n<p>Ci sono 3 tipi di account Keep2share:<\/p>\n\n\n\n<figure class=\"wp-block-table\"><table><tbody><tr><td>Conto GRATIS<\/td><td>Conto PREMIUM<\/td><td>Conto PREMIUM PRO<\/td><\/tr><tr><td>$0 mensile<\/td><td>$9.50 mensile<\/td><td>$11.75 mensile<\/td><\/tr><tr><td>50 KB\/s Velocit\u00e0 di download<\/td><td>50 KB\/s Velocit\u00e0 di download<\/td><td>Velocit\u00e0 massima di download<\/td><\/tr><tr><td>Limite di 1 GB per download di file<\/td><td>Limite di 20 GB di file scaricati al giorno<\/td><td>Limite di 50 GB di file scaricati al giorno<\/td><\/tr><tr><td>Un download alla volta<\/td><td>Download simultanei<\/td><td>Download simultanei<\/td><\/tr><tr><td>Accesso al link condivisibile<\/td><td>Accesso al link condivisibile<\/td><td>Accesso al link condivisibile<\/td><\/tr><tr><td><\/td><td>Acceleratore di download di terze parti consentito<\/td><td>Acceleratore di download di terze parti consentito<\/td><\/tr><tr><td><\/td><td>Download Manager permesso<\/td><td>Download Manager permesso<\/td><\/tr><tr><td><\/td><td>Download del curriculum disponibile<\/td><td>Download del curriculum disponibile<\/td><\/tr><tr><td><\/td><td><\/td><td>Ulteriori 10 GB di dimensione massima per ogni download<\/td><\/tr><tr><td><\/td><td><\/td><td>Scaricare file in modo anonimo<\/td><\/tr><tr><td><\/td><td><\/td><td>Controllo dei file malware e antivirus<\/td><\/tr><tr><td><\/td><td><\/td><td>Anteprima video online illimitata<\/td><\/tr><tr><td><\/td><td><\/td><td>Stoccaggio pi\u00f9 grande<\/td><\/tr><\/tbody><\/table><\/figure>\n\n\n\n<p>Molti clienti suggeriscono di usare Premium Account e Premium Account Pro per massimizzare l&#8217;efficienza, la produttivit\u00e0 del prodotto e per la pace della mente. Nel caso in cui tu abbia ancora dei ripensamenti, ecco <a href=\"https:\/\/searchcloudcomputing.techtarget.com\/definition\/subscription-based-pricing-model\" target=\"_blank\" rel=\"noreferrer noopener\">l&#8217;abbonamento <\/a>flessibile di Keep2share che si adatta alle tue esigenze:<\/p>\n\n\n<a class=\"maxbutton-1 maxbutton maxbutton-cta\" target=\"_blank\" rel=\"nofollow noopener\" href=\"\/go\/\"><span class='mb-text'>&gt;&gt; Vai al sito ufficiale di Keep2share<\/span><\/a>\n\n\n<p><\/p>\n\n\n\n<p>PROVA (per 3 giorni)<\/p>\n\n\n\n<figure class=\"wp-block-table\"><table><tbody><tr><td>Conto premium<\/td><td>$6.95 per 3 giorni<\/td><\/tr><tr><td>Premium Pro account<\/td><td>$8.95 per 3 giorni<\/td><\/tr><\/tbody><\/table><\/figure>\n\n\n\n<p>MENSILE (per 30 giorni)<\/p>\n\n\n\n<figure class=\"wp-block-table\"><table><tbody><tr><td>Premium account<\/td><td>$16.95 al mese<\/td><\/tr><tr><td>Premium Pro account<\/td><td>$21.95 al mese<\/td><\/tr><\/tbody><\/table><\/figure>\n\n\n\n<p>TRIMESTRALE (per 90 giorni)<\/p>\n\n\n\n<figure class=\"wp-block-table\"><table><tbody><tr><td>Premium account<\/td><td>$13.98\u00a0 al mese<\/td><\/tr><tr><td>Premium Pro account<\/td><td>$17.32\u00a0 al mese<\/td><\/tr><\/tbody><\/table><\/figure>\n\n\n\n<p>ANNUALE (per 365 giorni)<\/p>\n\n\n\n<figure class=\"wp-block-table\"><table><tbody><tr><td>Premium account<\/td><td>$9.50\u00a0 al mese<\/td><\/tr><tr><td>Premium Pro account<\/td><td>$11.75\u00a0 al mese<\/td><\/tr><\/tbody><\/table><\/figure>\n\n\n\n<h2>Pagamento<\/h2>\n\n\n\n<figure class=\"wp-block-image size-large\"><img loading=\"lazy\" width=\"450\" height=\"275\" src=\"https:\/\/keep2share.me\/wp-content\/uploads\/2021\/02\/Payment-Logo.png\" alt=\"Payment Logo\" class=\"wp-image-275\" srcset=\"https:\/\/keep2share.me\/wp-content\/uploads\/2021\/02\/Payment-Logo.png 450w, https:\/\/keep2share.me\/wp-content\/uploads\/2021\/02\/Payment-Logo-300x183.png 300w, https:\/\/keep2share.me\/wp-content\/uploads\/2021\/02\/Payment-Logo-250x153.png 250w\" sizes=\"(max-width: 450px) 100vw, 450px\" \/><\/figure>\n\n\n\n<p>I clienti possono pagare comodamente attraverso questi importanti centri di pagamento. Keep2share assicura che tutti i tuoi acquisti sono al massimo della riservatezza e della sicurezza. Tutte le transazioni sono sicure e criptate per evitare manipolazioni dannose dei conti bancari dell&#8217;utente. Keep2share garantisce sempre un&#8217;esperienza senza problemi per i loro clienti.<\/p>\n\n\n\n<h2>Fare soldi con Keep2Share<\/h2>\n\n\n\n<p>Cos&#8217;altro si pu\u00f2 fare con un servizio di file hosting? Potresti pensare di salvare semplicemente i tuoi file qui, ma devi guardare pi\u00f9 da vicino, scavare pi\u00f9 a fondo perch\u00e9 potresti ricavarne denaro. Con il programma di monetizzazione di Keep2Share, ti permette di vendere i tuoi prodotti virtuali nella stessa piattaforma! Riceverai il 75% di tutte le tue vendite.<\/p>\n\n\n\n<h3>Come funziona?<\/h3>\n\n\n\n<p>Avrete bisogno di caricare i vostri file nella Money Platform, che possono essere caricati da un browser, da altri siti web o FTP. Ora dovrai condividere i tuoi file pubblicando i link o aggiungendo dei lettori video sui tuoi siti. Agli utenti che vogliono vedere e scaricare i tuoi file verr\u00e0 chiesto un pagamento in cambio del loro accesso. Dovranno pagare la piattaforma per questo e da l\u00ec, voi riceverete le vendite.<\/p>\n\n\n\n<h2>Caratteristica chiave di un buon hoster di file<\/h2>\n\n\n\n<ol><li>Trasferimento di file sicuro e protetto<\/li><\/ol>\n\n\n\n<p>Come uno dei principali hoster di file, Keep2Share assicura che tutti i file da scaricare siano al sicuro da attacchi maligni e potenziali virus, soprattutto quando si passa a uno degli account premium. Utilizza un&#8217;autenticazione sicura di alto livello che impedisce l&#8217;accesso non autorizzato per proteggere le informazioni degli utenti.<\/p>\n\n\n\n<ol start=\"2\"><li>Scarica le caratteristiche<\/li><\/ol>\n\n\n\n<p>Una delle cose migliori che un hoster di file pu\u00f2 offrire \u00e8 la velocit\u00e0 di download. Ha una funzione di velocit\u00e0 di download supersonica e permette agli utenti di scaricare pi\u00f9 file allo stesso tempo senza interruzioni. Keep2Share Premium si integra anche con applicazioni di terze parti per aumentare la velocit\u00e0 di download e massimizzare la sua produttivit\u00e0 ed efficienza.<\/p>\n\n\n\n<ol start=\"3\"><li>Accessibilit\u00e0 e flessibilit\u00e0<\/li><\/ol>\n\n\n\n<p>Un hoster di file dovrebbe essere abbastanza flessibile per accedere ai file in qualsiasi tipo di ambiente \u00e8 una delle caratteristiche principali di Keep2Share. Consentendo di gestire i permessi a tutti i file in qualsiasi posizione per un&#8217;esperienza senza problemi. Perfetto per gli imprenditori e per le persone che hanno bisogno di file di grandi dimensioni da condividere.<\/p>\n\n\n\n<ol start=\"4\"><li>Assistenza clienti<\/li><\/ol>\n\n\n\n<p>Keep2Share fornisce un servizio tempestivo, attento e ottimista al cliente e si assicura che le sue esigenze siano soddisfatte. Forniscono risposte utili agli utenti per un&#8217;esperienza di servizio al cliente eccezionale.<\/p>\n\n\n\n<ol start=\"5\"><li>Caratteristiche avanzate per un account aggiornato<\/li><\/ol>\n\n\n\n<p>Non tutti gli host di file possono offrire molti aggiornamenti anche quando hai aggiornato il pagamento. Con Keep2Share ogni centesimo conta! Con il premium e il premium pro, gli utenti possono avere caratteristiche aggiuntive come la condivisione remota, il download simultaneo, il controllo dei file virus, i download riassumibili, la riproduzione illimitata di video online, lo stoccaggio di file pi\u00f9 grandi e altro ancora.<\/p>\n\n\n\n<figure class=\"wp-block-image size-large\"><img loading=\"lazy\" width=\"430\" height=\"286\" src=\"https:\/\/keep2share.me\/wp-content\/uploads\/2021\/02\/Keep2Share-Premium-Account-Reviews.jpg\" alt=\"Keep2Share Premium Account Reviews\" class=\"wp-image-274\" srcset=\"https:\/\/keep2share.me\/wp-content\/uploads\/2021\/02\/Keep2Share-Premium-Account-Reviews.jpg 430w, https:\/\/keep2share.me\/wp-content\/uploads\/2021\/02\/Keep2Share-Premium-Account-Reviews-300x200.jpg 300w, https:\/\/keep2share.me\/wp-content\/uploads\/2021\/02\/Keep2Share-Premium-Account-Reviews-250x166.jpg 250w\" sizes=\"(max-width: 430px) 100vw, 430px\" \/><\/figure>\n\n\n\n<h2>Domande frequenti (FAQ)<\/h2>\n\n\n\n<h3>I miei file caricati sono accessibili ad altri?<\/h3>\n\n\n\n<p>S\u00ec, ma solo se si sceglie di condividere il link o l&#8217;accesso a certi file.<\/p>\n\n\n\n<h3>Quali file possono essere caricati e scaricati?<\/h3>\n\n\n\n<p>Tutti i tipi di file digitali possono essere caricati o scaricati dagli utenti, anche quelli compressi. Keep2Share scansiona i file alla ricerca di virus prima che il file sia condiviso o scaricato<\/p>\n\n\n\n<h3>Come faccio a passare a un account premium?<\/h3>\n\n\n\n<p>Seguire questi passi:<\/p>\n\n\n\n<ul><li>Accedi al tuo account Keep2Share.<\/li><li>Vai su https:\/\/k2s.cc\/premium e vai su Fatturazione e poi su Abbonamenti.<\/li><li>Scegli tra un account Premium o Premium Pro.<\/li><li>Clicca su Aggiungi un abbonamento.<\/li><li>Fai clic su Aggiornamento.<\/li><li>Seleziona un piano di pagamento.<\/li><li>Fai clic su Cassa.<\/li><li>Fai clic su Effettua l&#8217;ordine.<\/li><\/ul>\n\n\n\n<h3>Posso scaricare molti file allo stesso tempo?<\/h3>\n\n\n\n<p>S\u00ec, se ti abboni a un account Premium o Pro.<\/p>\n\n\n\n<h3>Come posso iscrivermi per un account?<\/h3>\n\n\n\n<p>Per iscriversi ad un account Keep2Share, si usa la propria Gmail o si pu\u00f2 scegliere di creare un account di posta elettronica.<\/p>\n\n\n\n<h2>Conclusione<\/h2>\n\n\n\n<p>Prima di scegliere il giusto file hosting, una persona deve conoscere a fondo il tipo di piattaforma che sta per utilizzare. Con questo, i nuovi utenti possono massimizzare le caratteristiche che un hoster di file pu\u00f2 offrire. Keep2Share Premium \u00e8 stato un potente file storage remoto <a href=\"https:\/\/www.howitworksdaily.com\/cloud-storage-what-is-it-and-how-does-it-work\/\" target=\"_blank\" rel=\"noreferrer noopener\">basato su cloud<\/a>. Con un sacco di vantaggi per aumentare la produttivit\u00e0 dell&#8217;utente non c&#8217;\u00e8 da meravigliarsi, ora \u00e8 uno dei principali multi hoster e file hoster. Perch\u00e9 \u00e8 facile da usare, questa piattaforma di file hosting sta diventando uno strumento di produttivit\u00e0 necessit\u00e0 per chiunque se sei uno studente o un piccolo imprenditore o una societ\u00e0 Fortune 500, pu\u00f2 essere per uso professionale o personale, Keep2Share \u00e8 qui per voi.<\/p>\n\n\n\n<p>La sicurezza garantita da Premium perch\u00e9 tutti i file sono protetti, le informazioni di pagamento dei clienti sono anonime e protette, tutti i file possono essere scaricati senza virus. Protezione solida e prezzo accessibile per il suo utente. Ci sono un sacco di hoster di file l\u00e0 fuori, ma Keep2Share si distingue, a causa della sua efficienza di download, con un solo click far\u00e0 risparmiare un sacco di tempo, grazie alla sua caratteristica unica di acceleratori di download di terze parti integrati.<\/p>\n\n\n\n<p>Un altro vantaggio di usarlo \u00e8 la sua adattabilit\u00e0 e compatibilit\u00e0, perch\u00e9 questo hoster di file pu\u00f2 essere usato su Windows o MAC. Pu\u00f2 essere aperto su qualsiasi PC in modo che gli utenti possano sempre accedere o scaricare i loro file in qualsiasi momento o luogo.<\/p>\n\n\n\n<p>Keep2Share \u00e8 facile da usare e da navigare. A differenza di altri hoster di file, dove ci sono un sacco di configurazioni o passaggi extra prima di poter caricare o scaricare, ha un&#8217;interfaccia semplice e una facile navigazione per gli utenti non tecnici. Nessuna impostazione complessa per una gestione pi\u00f9 facile di un gran numero di file.<\/p>\n\n\n\n<p>Poich\u00e9 Keep2Share vuole rendere la vita dei suoi clienti pi\u00f9 facile, ha un team di esperti che non smette mai di ricercare e innovare. Quindi scommetto che anche tua nonna pu\u00f2 usarlo senza troppi problemi.<\/p>\n\n\n\n<p>In tempi di problemi di sistema utilizzando Keep2Share, hanno un servizio clienti reattivo e amichevole che affronta i problemi degli utenti in modo professionale e rapido.<\/p>\n\n\n\n<p>Per una maggiore tranquillit\u00e0, si consiglia di utilizzare il Premium o il Premium Pro.<\/p>\n\n\n<a class=\"maxbutton-1 maxbutton maxbutton-cta\" target=\"_blank\" rel=\"nofollow noopener\" href=\"\/go\/\"><span class='mb-text'>&gt;&gt; Vai al sito ufficiale di Keep2share<\/span><\/a>\n\n\n<p><\/p>\n","protected":false},"excerpt":{"rendered":"<p>Hai mai avuto problemi a memorizzare e perdere i tuoi file importanti? Bene, non preoccuparti pi\u00f9 perch\u00e9 Keep2Share ti ha preso! Stanco di perdere i tuoi documenti importanti, foto, video e audio, o qualsiasi altro file digitale che \u00e8 memorizzato nel tuo computer a causa di virus e malware? Metti fine alla seccatura di perdere [&hellip;]<\/p>\n","protected":false},"author":7,"featured_media":0,"parent":0,"menu_order":0,"comment_status":"closed","ping_status":"closed","template":"full-width.php","meta":[],"_links":{"self":[{"href":"https:\/\/keep2share.me\/it\/wp-json\/wp\/v2\/pages\/284"}],"collection":[{"href":"https:\/\/keep2share.me\/it\/wp-json\/wp\/v2\/pages"}],"about":[{"href":"https:\/\/keep2share.me\/it\/wp-json\/wp\/v2\/types\/page"}],"author":[{"embeddable":true,"href":"https:\/\/keep2share.me\/it\/wp-json\/wp\/v2\/users\/7"}],"replies":[{"embeddable":true,"href":"https:\/\/keep2share.me\/it\/wp-json\/wp\/v2\/comments?post=284"}],"version-history":[{"count":1,"href":"https:\/\/keep2share.me\/it\/wp-json\/wp\/v2\/pages\/284\/revisions"}],"predecessor-version":[{"id":288,"href":"https:\/\/keep2share.me\/it\/wp-json\/wp\/v2\/pages\/284\/revisions\/288"}],"wp:attachment":[{"href":"https:\/\/keep2share.me\/it\/wp-json\/wp\/v2\/media?parent=284"}],"curies":[{"name":"wp","href":"https:\/\/api.w.org\/{rel}","templated":true}]}}