{"id":282,"date":"2021-02-23T15:15:52","date_gmt":"2021-02-23T15:15:52","guid":{"rendered":"https:\/\/keep2share.me\/?page_id=282"},"modified":"2021-02-23T15:15:54","modified_gmt":"2021-02-23T15:15:54","slug":"keep2share-premium-account-the-most-trusted-file-hosting-provider","status":"publish","type":"page","link":"https:\/\/keep2share.me\/fr\/","title":{"rendered":"Keep2Share Premium Account \u2013 Le fournisseur d&rsquo;h\u00e9bergement de fichiers le plus fiable"},"content":{"rendered":"\n<p>Avez-vous d\u00e9j\u00e0 eu des difficult\u00e9s \u00e0 stocker et \u00e0 perdre vos fichiers importants ? Eh bien, ne vous inqui\u00e9tez plus, car Keep2Share vous a eu ! Vous en avez assez de perdre vos documents, photos, vid\u00e9os et audios importants ou tout autre fichier num\u00e9rique stock\u00e9 dans vos ordinateurs \u00e0 cause de virus et de logiciels malveillants ? Mettez fin \u00e0 la perte de vos fichiers en utilisant Keep2Share et Keep2Share Premium o\u00f9 tous les fichiers seront conserv\u00e9s au plus haut niveau de s\u00e9curit\u00e9 ! <\/p>\n\n\n<a class=\"maxbutton-1 maxbutton maxbutton-cta\" target=\"_blank\" rel=\"nofollow noopener\" href=\"\/go\/\"><span class='mb-text'>&gt;&gt; Acc\u00e9der au site officiel Keep2share<\/span><\/a>\n\n\n<p><\/p>\n\n\n\n<h2>Qu&rsquo;est-ce que Keep2Share ?<\/h2>\n\n\n\n<p>Keep2Share est une plateforme gratuite de <a href=\"https:\/\/searchmobilecomputing.techtarget.com\/definition\/file-sharing\" target=\"_blank\" rel=\"noreferrer noopener\">partage de fichiers<\/a> dans le nuage, class\u00e9e parmi les principaux sites web de Filehoster. Il s&rsquo;agit d&rsquo;un h\u00e9bergement de fichiers s\u00fbr, flexible et fiable qui permet \u00e0 l&rsquo;utilisateur de t\u00e9l\u00e9charger et de charger des fichiers ou des dossiers. C&rsquo;est l&rsquo;une des principales plateformes de partage et elle est connue pour ses caract\u00e9ristiques conviviales. Cette plateforme permet \u00e0 l&rsquo;utilisateur de stocker des fichiers qui sont de nature num\u00e9rique.<\/p>\n\n\n\n<p>Les fichiers num\u00e9riques sont les fichiers de donn\u00e9es qui sont identifi\u00e9s par leur nom et leur emplacement dans le stockage informatique et enregistr\u00e9s dans un syst\u00e8me informatique dans un programme ou un document ex\u00e9cutable. Vous pouvez voir ces fichiers num\u00e9riques dans le format suivant :<\/p>\n\n\n\n<ul><li>TIFF ou tif alias Tagged Image File Format<\/li><li>Fichier image Bitmap (.bmp) ou BMP aka Bitmap<\/li><li>JPEG ou .jpeg alias Groupes d&rsquo;experts photographiques conjoints<\/li><li>GIF ou format d&rsquo;\u00e9change de graphiques<\/li><li>PNG aka Portable Network Graphics<\/li><li>EPS alias Encapsulated PostScript<\/li><li>RAW ou .cr2, .nef, .orf, .sr2, etc., sont des fichiers d&rsquo;images non trait\u00e9s<\/li><li>SVG ou graphiques vectoriels \u00e9volutifs<\/li><li>MP4 ou Groupe d&rsquo;experts sur les images anim\u00e9es<\/li><li>Et bien s\u00fbr, les fichiers de documents qui sont PPT et .PPTX, .XLS et XLSX, .HTML et .HTM, .ODT, .PDF, .DOC et DOCX, .ODS et .TXT.<\/li><\/ul>\n\n\n\n<h2>Qui peut utiliser ce FileHoster ?<\/h2>\n\n\n\n<p>Que vous soyez employ\u00e9, entrepreneur, enseignant, \u00e9tudiant ou autre, vous pouvez utiliser Keep2Share pour sauvegarder ou partager vos fichiers num\u00e9riques importants. Et vous n&rsquo;avez pas \u00e0 vous soucier des fichiers confidentiels, car le partage de vos fichiers peut \u00eatre personnalis\u00e9 en fonction du public, du priv\u00e9 ou des personnes avec lesquelles vous souhaitez le partager.<\/p>\n\n\n\n<h2>Pourquoi en avez-vous besoin ?<\/h2>\n\n\n\n<p>Plus besoin de transporter des cl\u00e9s USB, des supports de stockage externes ou des lecteurs de disques optiques \u00e0 faible vitesse de transfert pour partager des fichiers sur un autre appareil. Gr\u00e2ce \u00e0 cela, vous pouvez transf\u00e9rer des fichiers ou des dossiers en ligne en un instant !<\/p>\n\n\n\n<p>Stockez et organisez vos fichiers num\u00e9riques dans Keep2Share pour que vous puissiez y acc\u00e9der \u00e0 tout moment et en tout lieu en obtenant simplement le lien des fichiers sp\u00e9cifiques t\u00e9l\u00e9charg\u00e9s que vous souhaitez partager ou vous pouvez \u00e9galement utiliser le lien partag\u00e9 dans les e-mails, au lieu de les envoyer sous forme de pi\u00e8ces jointes volumineuses.<\/p>\n\n\n\n<h2>Comment utiliser Keep2Share ?<\/h2>\n\n\n\n<p>Pas besoin de t\u00e9l\u00e9charger et d&rsquo;installer Keep2Share, il vous suffit d&rsquo;ouvrir votre navigateur et vous \u00eates pr\u00eat \u00e0 partir. Sans probl\u00e8me et sans virus !<\/p>\n\n\n\n<p>Voici les \u00e9tapes pour un stockage \u00e0 distance rapide et sans tracas avec Keep2Share :<\/p>\n\n\n\n<p>\u00c9tape 1. Ouvrez votre navigateur, vous arrivez \u00e0 https:\/\/keep2share.cc<\/p>\n\n\n\n<p>\u00c9tape 2. Inscrivez-vous GRATUITEMENT et connectez-vous \u00e0 un compte Keep2Share.<\/p>\n\n\n\n<p>\u00c9tape 3. Sur votre ordinateur, choisissez le fichier ou le dossier que vous souhaitez t\u00e9l\u00e9charger \u00e0 partir de votre ordinateur portable ou de bureau. Vous avez la possibilit\u00e9 de le rendre public, priv\u00e9 ou partag\u00e9.<\/p>\n\n\n\n<p>\u00c9tape 4. Vous pouvez soit faire glisser, soit t\u00e9l\u00e9charger manuellement le fichier\/dossier choisi depuis votre ordinateur ou votre ordinateur portable vers votre compte Keep2Share.<\/p>\n\n\n\n<h2>T\u00e9l\u00e9chargeur d&rsquo;h\u00e9bergement de fichiers<\/h2>\n\n\n\n<p>Keep2share est une plateforme de partage de fichiers innovante et tr\u00e8s flexible, ce qui la rend diff\u00e9rente des autres h\u00e9bergeurs de fichiers. Elle permet aux clients d&rsquo;utiliser les t\u00e9l\u00e9chargeurs tiers de leur choix pour stimuler leurs t\u00e9l\u00e9chargements. C&rsquo;est un moyen efficace de gagner du temps lorsque les clients ont un grand nombre de fichiers \u00e0 t\u00e9l\u00e9charger.<\/p>\n\n\n\n<h2>Comment t\u00e9l\u00e9charger vos fichiers sur la plate-forme ?<\/h2>\n\n\n\n<p>Apr\u00e8s vous \u00eatre connect\u00e9, vous devez vous rendre sur la page de votre compte et chercher le bouton de t\u00e9l\u00e9chargement. Une question vous sera pos\u00e9e si vous acceptez les conditions g\u00e9n\u00e9rales de la plate-forme. Cette question vise \u00e0 s&rsquo;assurer que les utilisateurs ont bien lu et compris quels types de fichiers ne sont pas autoris\u00e9s sur la plate-forme. Une fois que vous avez accept\u00e9, vous pouvez cliquer sur le bouton \u00ab\u00a0D\u00e9marrer\u00a0\u00bb et le processus de t\u00e9l\u00e9chargement commencera imm\u00e9diatement.<\/p>\n\n\n\n<p>Apr\u00e8s avoir t\u00e9l\u00e9charg\u00e9 les fichiers, vous pouvez maintenant le param\u00e9trer si vous voulez que le public y ait acc\u00e8s ou simplement le rendre en acc\u00e8s priv\u00e9. Il existe \u00e9galement un bouton qui vous permet d&rsquo;obtenir le lien du fichier pour le partager facilement avec d&rsquo;autres personnes auxquelles vous voulez avoir acc\u00e8s.<\/p>\n\n\n\n<h2>Les comptes premium<\/h2>\n\n\n\n<p>S\u00e9curit\u00e9, rapidit\u00e9 de t\u00e9l\u00e9chargement et accessibilit\u00e9 &#8211; si vous pouvez b\u00e9n\u00e9ficier de toutes ces fonctionnalit\u00e9s gratuitement avec Keep2share, que pouvez-vous obtenir de plus avec un compte premium et pro ?<\/p>\n\n\n\n<p>Les clients peuvent toujours profiter du compte gratuit puisqu&rsquo;il n&rsquo;est pas obligatoire de souscrire \u00e0 un compte premium ou premium pro. Si jamais les clients ne sont toujours pas s\u00fbrs d&rsquo;obtenir un compte premium Keep2share ou non, ils peuvent toujours profiter de ses fonctions premium pendant une p\u00e9riode d&rsquo;essai. Toutefois, des fichiers trop volumineux peuvent ne pas suffire si vous n&rsquo;avez qu&rsquo;un compte gratuit. Nous vous recommandons vivement de passer \u00e0 l&rsquo;un des comptes Premium pour les fichiers plus volumineux.<\/p>\n\n\n\n<p>Il existe 3 types de comptes Keep2share :<\/p>\n\n\n\n<figure class=\"wp-block-table\"><table><tbody><tr><td>Compte GRATUIT<\/td><td>PREMIUM Account<\/td><td>PREMIUM PRO Account<\/td><\/tr><tr><td>$0 mensuel<\/td><td>$9.50 mensuel<\/td><td>$11.75 mensuel<\/td><\/tr><tr><td>50 KB\/s Vitesse de t\u00e9l\u00e9chargement<\/td><td>T\u00e9l\u00e9chargement \u00e0 grande vitesse<\/td><td>Vitesse maximale de t\u00e9l\u00e9chargement<\/td><\/tr><tr><td>Limite de 1 Go par t\u00e9l\u00e9chargement de fichier<\/td><td>Limite de 20 Go de fichiers \u00e0 t\u00e9l\u00e9charger par jour<\/td><td>Limite de 50 Go de fichiers \u00e0 t\u00e9l\u00e9charger par jour<\/td><\/tr><tr><td>Un t\u00e9l\u00e9chargement \u00e0 la fois<\/td><td>T\u00e9l\u00e9chargements simultan\u00e9s<\/td><td>T\u00e9l\u00e9chargements simultan\u00e9s<\/td><\/tr><tr><td>Acc\u00e8s aux liens partageables<\/td><td>Acc\u00e8s aux liens partageables<\/td><td>Acc\u00e8s aux liens partageables<\/td><\/tr><tr><td><\/td><td>Acc\u00e9l\u00e9rateur de t\u00e9l\u00e9chargement tiers autoris\u00e9<\/td><td>Acc\u00e9l\u00e9rateur de t\u00e9l\u00e9chargement tiers autoris\u00e9<\/td><\/tr><tr><td><\/td><td>Gestionnaire de t\u00e9l\u00e9chargement autoris\u00e9<\/td><td>Gestionnaire de t\u00e9l\u00e9chargement autoris\u00e9<\/td><\/tr><tr><td><\/td><td>T\u00e9l\u00e9chargements de CV disponibles<\/td><td>T\u00e9l\u00e9chargements de CV disponibles<\/td><\/tr><tr><td><\/td><td><\/td><td>Taille maximale suppl\u00e9mentaire de 10 Go pour chaque t\u00e9l\u00e9chargement<\/td><\/tr><tr><td><\/td><td><\/td><td>T\u00e9l\u00e9charger les fichiers anonymement<\/td><\/tr><tr><td><\/td><td><\/td><td>Contr\u00f4leur de fichiers de logiciels malveillants et d&rsquo;anti-virus<\/td><\/tr><tr><td><\/td><td><\/td><td>Pr\u00e9visualisation vid\u00e9o en ligne illimit\u00e9e<\/td><\/tr><tr><td><\/td><td><\/td><td>Stockage plus important<\/td><\/tr><\/tbody><\/table><\/figure>\n\n\n\n<p>De nombreux clients sugg\u00e8rent d&rsquo;utiliser Premium Account et Premium Account Pro pour maximiser l&rsquo;efficacit\u00e9, la productivit\u00e9 du produit et pour la tranquillit\u00e9 d&rsquo;esprit. Au cas o\u00f9 vous auriez encore des doutes, voici l&rsquo;abonnement Keep2share flexible et adapt\u00e9 \u00e0 vos besoins :<\/p>\n\n\n<a class=\"maxbutton-1 maxbutton maxbutton-cta\" target=\"_blank\" rel=\"nofollow noopener\" href=\"\/go\/\"><span class='mb-text'>&gt;&gt; Acc\u00e9der au site officiel Keep2share<\/span><\/a>\n\n\n<p><\/p>\n\n\n\n<p>ESSAI (pendant 3 jours)<\/p>\n\n\n\n<figure class=\"wp-block-table\"><table><tbody><tr><td>Compte premium<\/td><td>$6.95 pendant 3 jours<\/td><\/tr><tr><td>Premium Pro account<\/td><td>$8.95 pendant 3 jours<\/td><\/tr><\/tbody><\/table><\/figure>\n\n\n\n<p>MONTHLY (for 30 days)<\/p>\n\n\n\n<figure class=\"wp-block-table\"><table><tbody><tr><td>Premium account<\/td><td>$16.95 par mois<\/td><\/tr><tr><td>Premium Pro account<\/td><td>$21.95 par mois<\/td><\/tr><\/tbody><\/table><\/figure>\n\n\n\n<p>Trimestriellement (pendant 90 jours)<\/p>\n\n\n\n<figure class=\"wp-block-table\"><table><tbody><tr><td>Premium account<\/td><td>$13.98\u00a0 par mois<\/td><\/tr><tr><td>Premium Pro account<\/td><td>$17.32\u00a0 par mois<\/td><\/tr><\/tbody><\/table><\/figure>\n\n\n\n<p>ANN\u00c9E (pendant 365 jours)<\/p>\n\n\n\n<figure class=\"wp-block-table\"><table><tbody><tr><td>Premium account<\/td><td>$9.50\u00a0 par mois<\/td><\/tr><tr><td>Premium Pro account<\/td><td>$11.75\u00a0 par mois<\/td><\/tr><\/tbody><\/table><\/figure>\n\n\n\n<h2>Paiement<\/h2>\n\n\n\n<figure class=\"wp-block-image size-large\"><img loading=\"lazy\" width=\"450\" height=\"275\" src=\"https:\/\/keep2share.me\/wp-content\/uploads\/2021\/02\/Payment-Logo.png\" alt=\"Payment Logo\" class=\"wp-image-275\" srcset=\"https:\/\/keep2share.me\/wp-content\/uploads\/2021\/02\/Payment-Logo.png 450w, https:\/\/keep2share.me\/wp-content\/uploads\/2021\/02\/Payment-Logo-300x183.png 300w, https:\/\/keep2share.me\/wp-content\/uploads\/2021\/02\/Payment-Logo-250x153.png 250w\" sizes=\"(max-width: 450px) 100vw, 450px\" \/><\/figure>\n\n\n\n<p>Les clients peuvent payer par l&rsquo;interm\u00e9diaire de ces grands centres de paiement. Keep2share garantit que tous vos achats sont effectu\u00e9s dans la plus grande confidentialit\u00e9 et s\u00e9curit\u00e9. Toutes les transactions sont s\u00e9curis\u00e9es et crypt\u00e9es afin d&rsquo;\u00e9viter les manipulations malveillantes des comptes bancaires des utilisateurs. Keep2share garantit toujours une exp\u00e9rience sans tracas pour ses clients.<\/p>\n\n\n\n<h2>Gagner de l&rsquo;argent avec Keep2Share<\/h2>\n\n\n\n<p>Que pouvez-vous faire de plus avec un service d&rsquo;h\u00e9bergement de fichiers ? Vous pensez peut-\u00eatre simplement \u00e0 enregistrer vos fichiers ici, mais vous devez y regarder de plus pr\u00e8s, creuser plus profond\u00e9ment car vous pourriez en tirer de l&rsquo;argent. Avec le programme de mon\u00e9tisation de Keep2Share, il vous permet de vendre vos produits virtuels sur la m\u00eame plateforme ! Vous obtiendrez les 75% de toutes vos ventes.<\/p>\n\n\n\n<h3>Comment cela fonctionne-t-il ?<\/h3>\n\n\n\n<p>Vous devrez t\u00e9l\u00e9charger vos fichiers dans la plate-forme d&rsquo;argent, qui peut \u00eatre t\u00e9l\u00e9charg\u00e9e \u00e0 partir d&rsquo;un navigateur, d&rsquo;autres sites web ou d&rsquo;un FTP. Vous devrez maintenant partager vos fichiers en publiant les liens ou en ajoutant des lecteurs vid\u00e9o sur vos sites. Les utilisateurs qui veulent voir et t\u00e9l\u00e9charger vos fichiers devront payer en \u00e9change de leur acc\u00e8s. Ils devront payer la plateforme pour cela et de l\u00e0, vous recevrez les ventes.<\/p>\n\n\n\n<h2>Caract\u00e9ristique cl\u00e9 d&rsquo;un bon h\u00e9bergeur de fichiers<\/h2>\n\n\n\n<ol><li>Transfert de fichiers s\u00fbr et s\u00e9curis\u00e9<\/li><\/ol>\n\n\n\n<p>En tant que l&rsquo;un des principaux h\u00e9bergeurs de fichiers, Keep2Share s&rsquo;assure que tous les fichiers \u00e0 t\u00e9l\u00e9charger sont \u00e0 l&rsquo;abri des attaques malveillantes et des virus potentiels, en particulier lorsqu&rsquo;ils sont mis \u00e0 niveau vers l&rsquo;un des comptes premium. Il utilise une authentification s\u00e9curis\u00e9e haut de gamme qui interdit tout acc\u00e8s non autoris\u00e9 afin de prot\u00e9ger les informations des utilisateurs.<\/p>\n\n\n\n<ol start=\"2\"><li>T\u00e9l\u00e9charger les caract\u00e9ristiques<\/li><\/ol>\n\n\n\n<p>L&rsquo;une des meilleures choses qu&rsquo;un h\u00e9bergeur de fichiers puisse offrir est la vitesse de t\u00e9l\u00e9chargement. Il dispose d&rsquo;une fonction de vitesse de t\u00e9l\u00e9chargement supersonique et permet aux utilisateurs de t\u00e9l\u00e9charger plusieurs fichiers en m\u00eame temps sans interruption. Keep2Share Premium s&rsquo;int\u00e8gre \u00e9galement \u00e0 des applications tierces pour augmenter la vitesse de t\u00e9l\u00e9chargement et maximiser sa productivit\u00e9 et son efficacit\u00e9.<\/p>\n\n\n\n<ol start=\"3\"><li>Accessibilit\u00e9 et flexibilit\u00e9<\/li><\/ol>\n\n\n\n<p>L&rsquo;une des principales caract\u00e9ristiques de Keep2Share est qu&rsquo;un h\u00e9bergeur de fichiers doit \u00eatre suffisamment flexible pour acc\u00e9der \u00e0 des fichiers dans n&rsquo;importe quel type d&rsquo;environnement. Il permet de g\u00e9rer les autorisations d&rsquo;acc\u00e8s \u00e0 tous les fichiers, quel que soit l&rsquo;endroit o\u00f9 ils se trouvent, pour une exp\u00e9rience plus facile. Parfait pour les propri\u00e9taires d&rsquo;entreprises et pour les personnes qui ont besoin de gros fichiers \u00e0 partager.<\/p>\n\n\n\n<ol start=\"4\"><li>Assistance \u00e0 la client\u00e8le\u00a0<\/li><\/ol>\n\n\n\n<p>Keep2Share fournit un service rapide, attentif et optimis\u00e9 \u00e0 un client, et s&rsquo;assure que ses besoins sont satisfaits. Ils fournissent des r\u00e9ponses utiles aux utilisateurs pour une exp\u00e9rience de service client exceptionnelle.<\/p>\n\n\n\n<ol start=\"5\"><li>Caract\u00e9ristiques am\u00e9lior\u00e9es pour un compte am\u00e9lior\u00e9<\/li><\/ol>\n\n\n\n<p>Tous les h\u00e9bergeurs de fichiers ne peuvent pas offrir beaucoup de mises \u00e0 jour, m\u00eame si vous avez mis \u00e0 jour le paiement. Avec Keep2Share, chaque centime compte ! Avec le premium et le premium pro, les utilisateurs peuvent b\u00e9n\u00e9ficier de fonctionnalit\u00e9s suppl\u00e9mentaires telles que le partage \u00e0 distance, le t\u00e9l\u00e9chargement simultan\u00e9, le contr\u00f4le des fichiers de virus, les t\u00e9l\u00e9chargements r\u00e9sumables, la lecture illimit\u00e9e de vid\u00e9os en ligne, le stockage de fichiers plus volumineux, et bien plus encore.<\/p>\n\n\n\n<figure class=\"wp-block-image size-large\"><img loading=\"lazy\" width=\"430\" height=\"286\" src=\"https:\/\/keep2share.me\/wp-content\/uploads\/2021\/02\/Keep2Share-Premium-Account-Reviews.jpg\" alt=\"Keep2Share Premium Account Reviews\" class=\"wp-image-274\" srcset=\"https:\/\/keep2share.me\/wp-content\/uploads\/2021\/02\/Keep2Share-Premium-Account-Reviews.jpg 430w, https:\/\/keep2share.me\/wp-content\/uploads\/2021\/02\/Keep2Share-Premium-Account-Reviews-300x200.jpg 300w, https:\/\/keep2share.me\/wp-content\/uploads\/2021\/02\/Keep2Share-Premium-Account-Reviews-250x166.jpg 250w\" sizes=\"(max-width: 430px) 100vw, 430px\" \/><\/figure>\n\n\n\n<h2>Foire aux questions (FAQ)<\/h2>\n\n\n\n<h3>Mes fichiers t\u00e9l\u00e9charg\u00e9s sont-ils accessibles \u00e0 d&rsquo;autres personnes ?<\/h3>\n\n\n\n<p>Oui, mais seulement si vous choisissez de partager le lien ou l&rsquo;acc\u00e8s \u00e0 certains fichiers.<\/p>\n\n\n\n<h3>Oui, mais seulement si vous choisissez de partager le lien ou l&rsquo;acc\u00e8s \u00e0 certains fichiers.<\/h3>\n\n\n\n<p>Toutes sortes de fichiers num\u00e9riques peuvent \u00eatre t\u00e9l\u00e9charg\u00e9s par les utilisateurs, m\u00eame ceux qui sont <a href=\"https:\/\/www.lifewire.com\/what-is-a-compressed-file-2625829\" target=\"_blank\" rel=\"noreferrer noopener\">compress\u00e9s<\/a>. Keep2Share analyse le fichier pour d\u00e9tecter les virus avant qu&rsquo;il ne soit partag\u00e9 ou t\u00e9l\u00e9charg\u00e9<\/p>\n\n\n\n<h3>Comment passer \u00e0 un compte premium ?<\/h3>\n\n\n\n<p>Suivez ces \u00e9tapes :<\/p>\n\n\n\n<ul><li>Connectez-vous \u00e0 votre compte Keep2Share.<\/li><li>Allez sur https:\/\/k2s.cc\/premium et allez dans la rubrique Facturation et ensuite dans la rubrique Abonnements.<\/li><li>Choisissez entre un compte Premium ou Premium Pro.<\/li><li>Cliquez sur Ajouter un abonnement.<\/li><li>Cliquez sur Mettre \u00e0 niveau.<\/li><li>S\u00e9lectionnez un plan de paiement.<\/li><li>Cliquez sur Commander.<\/li><li>Cliquez sur Passer la commande.<\/li><\/ul>\n\n\n\n<h3>Puis-je t\u00e9l\u00e9charger plusieurs fichiers en m\u00eame temps ?<\/h3>\n\n\n\n<p>Oui, si vous souscrivez \u00e0 un compte Premium ou Pro.<\/p>\n\n\n\n<h3>Comment puis-je ouvrir un compte ?<\/h3>\n\n\n\n<p>Pour vous inscrire \u00e0 un compte Keep2Share, vous utilisez votre Gmail ou vous pouvez choisir de cr\u00e9er un compte de courrier \u00e9lectronique.<\/p>\n\n\n\n<h2>Conclusion<\/h2>\n\n\n\n<p>Avant de choisir le bon h\u00e9bergement de fichiers, une personne doit conna\u00eetre parfaitement le type de plate-forme qu&rsquo;elle va utiliser. Ainsi, les nouveaux utilisateurs peuvent maximiser les fonctionnalit\u00e9s qu&rsquo;un h\u00e9bergeur de fichiers peut offrir. Keep2Share Premium est un puissant fichier de <a href=\"https:\/\/www.howitworksdaily.com\/cloud-storage-what-is-it-and-how-does-it-work\/\" target=\"_blank\" rel=\"noreferrer noopener\">stockage en nuage<\/a> \u00e0 distance. Avec de nombreux avantages pour augmenter la productivit\u00e9 des utilisateurs, ce n&rsquo;est pas \u00e9tonnant, il est maintenant l&rsquo;un des principaux h\u00e9bergeurs de fichiers et multi-h\u00e9bergeurs. Parce qu&rsquo;elle est facile \u00e0 utiliser, cette plateforme d&rsquo;h\u00e9bergement de fichiers devient un outil de productivit\u00e9 indispensable pour tous, que vous soyez un \u00e9tudiant, un propri\u00e9taire de petite entreprise ou une soci\u00e9t\u00e9 du Fortune 500, que ce soit pour un usage professionnel ou personnel, Keep2Share est l\u00e0 pour vous.<\/p>\n\n\n\n<p>Le Premium garantit la s\u00e9curit\u00e9 car tous les fichiers sont prot\u00e9g\u00e9s, les informations de paiement des clients sont anonymes et s\u00e9curis\u00e9es, tous les fichiers peuvent \u00eatre t\u00e9l\u00e9charg\u00e9s sans virus. Une protection solide et un prix abordable pour son utilisateur. Il existe de nombreux h\u00e9bergeurs de fichiers, mais Keep2Share se distingue par son efficacit\u00e9 en mati\u00e8re de t\u00e9l\u00e9chargement. Un seul clic permet de gagner beaucoup de temps, gr\u00e2ce \u00e0 sa fonction unique d&rsquo;acc\u00e9l\u00e9rateurs de t\u00e9l\u00e9chargement tiers int\u00e9gr\u00e9s.<\/p>\n\n\n\n<p>Un autre avantage de cette solution est son adaptabilit\u00e9 et sa compatibilit\u00e9, car cet h\u00e9bergeur de fichiers peut \u00eatre utilis\u00e9 sous Windows ou MAC. Il peut \u00eatre ouvert sur n&rsquo;importe quel PC, de sorte que les utilisateurs peuvent toujours acc\u00e9der \u00e0 leurs fichiers ou les t\u00e9l\u00e9charger \u00e0 tout moment et en tout lieu.<\/p>\n\n\n\n<p>Keep2Share est convivial et facile \u00e0 naviguer. Contrairement \u00e0 d&rsquo;autres h\u00e9bergeurs de fichiers, o\u00f9 il y a beaucoup de configurations ou d&rsquo;\u00e9tapes suppl\u00e9mentaires avant de pouvoir t\u00e9l\u00e9charger ou charger, il a une interface simple et une navigation facile pour les utilisateurs non-techniques. Pas de configuration complexe pour faciliter la gestion d&rsquo;un grand nombre de fichiers.<\/p>\n\n\n\n<p>Parce que Keep2Share veut faciliter la vie de ses clients, elle dispose d&rsquo;une \u00e9quipe d&rsquo;experts qui ne cesse de rechercher et d&rsquo;innover. Je parie donc que m\u00eame votre grand-m\u00e8re peut l&rsquo;utiliser sans trop de probl\u00e8mes.<\/p>\n\n\n\n<p>En cas de probl\u00e8me avec le syst\u00e8me, Keep2Share propose un service client\u00e8le r\u00e9actif et convivial qui traite les probl\u00e8mes des utilisateurs de mani\u00e8re professionnelle et rapide.<\/p>\n\n\n\n<p>Pour une plus grande tranquillit\u00e9 d&rsquo;esprit, il est pr\u00e9f\u00e9rable d&rsquo;utiliser le Premium ou le Premium Pro.<\/p>\n\n\n<a class=\"maxbutton-1 maxbutton maxbutton-cta\" target=\"_blank\" rel=\"nofollow noopener\" href=\"\/go\/\"><span class='mb-text'>&gt;&gt; Acc\u00e9der au site officiel Keep2share<\/span><\/a>\n\n\n<p><\/p>\n","protected":false},"excerpt":{"rendered":"<p>Avez-vous d\u00e9j\u00e0 eu des difficult\u00e9s \u00e0 stocker et \u00e0 perdre vos fichiers importants ? Eh bien, ne vous inqui\u00e9tez plus, car Keep2Share vous a eu ! Vous en avez assez de perdre vos documents, photos, vid\u00e9os et audios importants ou tout autre fichier num\u00e9rique stock\u00e9 dans vos ordinateurs \u00e0 cause de virus et de logiciels [&hellip;]<\/p>\n","protected":false},"author":7,"featured_media":0,"parent":0,"menu_order":0,"comment_status":"closed","ping_status":"closed","template":"full-width.php","meta":[],"_links":{"self":[{"href":"https:\/\/keep2share.me\/fr\/wp-json\/wp\/v2\/pages\/282"}],"collection":[{"href":"https:\/\/keep2share.me\/fr\/wp-json\/wp\/v2\/pages"}],"about":[{"href":"https:\/\/keep2share.me\/fr\/wp-json\/wp\/v2\/types\/page"}],"author":[{"embeddable":true,"href":"https:\/\/keep2share.me\/fr\/wp-json\/wp\/v2\/users\/7"}],"replies":[{"embeddable":true,"href":"https:\/\/keep2share.me\/fr\/wp-json\/wp\/v2\/comments?post=282"}],"version-history":[{"count":1,"href":"https:\/\/keep2share.me\/fr\/wp-json\/wp\/v2\/pages\/282\/revisions"}],"predecessor-version":[{"id":286,"href":"https:\/\/keep2share.me\/fr\/wp-json\/wp\/v2\/pages\/282\/revisions\/286"}],"wp:attachment":[{"href":"https:\/\/keep2share.me\/fr\/wp-json\/wp\/v2\/media?parent=282"}],"curies":[{"name":"wp","href":"https:\/\/api.w.org\/{rel}","templated":true}]}}