{"id":281,"date":"2021-02-23T17:39:58","date_gmt":"2021-02-23T17:39:58","guid":{"rendered":"https:\/\/keep2share.me\/?page_id=281"},"modified":"2021-02-23T17:40:00","modified_gmt":"2021-02-23T17:40:00","slug":"keep2share-premium-account-the-most-trusted-file-hosting-provider","status":"publish","type":"page","link":"https:\/\/keep2share.me\/es\/","title":{"rendered":"Keep2Share Premium Account \u2013 El proveedor de alojamiento de archivos m\u00e1s fiable"},"content":{"rendered":"\n<p>\u00bfAlguna vez ha tenido problemas para almacenar y perder sus archivos importantes? \u00a1Bueno, no se preocupe m\u00e1s porque Keep2Share le tiene! \u00bfCansado de perder sus documentos importantes, fotos, v\u00eddeos y audios, o cualquier archivo digital que est\u00e9 almacenado en sus ordenadores a causa de los virus y el malware? Acabe con la molestia de perder sus archivos utilizando Keep2Share y Keep2Share Premium, donde todos los archivos se guardar\u00e1n con el m\u00e1ximo nivel de seguridad.<\/p>\n\n\n<a class=\"maxbutton-1 maxbutton maxbutton-cta\" target=\"_blank\" rel=\"nofollow noopener\" href=\"\/go\/\"><span class='mb-text'>&gt;&gt; Ir al sitio web oficial de Keep2share<\/span><\/a>\n\n\n<p><\/p>\n\n\n\n<h2>\u00bfQu\u00e9 es Keep2Share?<\/h2>\n\n\n\n<p>Keep2Share es una plataforma gratuita de <a href=\"https:\/\/searchmobilecomputing.techtarget.com\/definition\/file-sharing\" target=\"_blank\" rel=\"noreferrer noopener\">intercambio de archivos <\/a>en la nube y est\u00e1 catalogada como uno de los principales sitios web de Filehoster. Es un alojamiento de archivos seguro, flexible y fiable que permite al usuario descargar y subir archivos o carpetas. Es una de las principales plataformas de intercambio y es conocida por sus caracter\u00edsticas de f\u00e1cil uso. Esta plataforma permite al usuario almacenar archivos de naturaleza digital.<\/p>\n\n\n\n<p>Los archivos digitales son los archivos de datos que se identifican por su nombre y ubicaci\u00f3n en el almacenamiento inform\u00e1tico y se guardan en un sistema inform\u00e1tico en un programa o documento ejecutable. Puede ver estos archivos digitales en el siguiente formato:<\/p>\n\n\n\n<ul><li>TIFF o tif (formato de archivo de imagen etiquetado)<\/li><li>Bitmap (.bmp) o BMP (archivo de imagen de mapa de bits)<\/li><li>JPEG o .jpeg (Joint Photographic Experts Groups)<\/li><li>GIF (Formato de Intercambio de Gr\u00e1ficos)<\/li><li>PNG (Portable Network Graphics)<\/li><li>EPS (Encapsulated PostScript)<\/li><li>RAW o .cr2, .nef, .orf, .sr2, etc., son archivos de im\u00e1genes sin procesar<\/li><li>SVG o gr\u00e1ficos vectoriales escalables<\/li><li>MP4 o Moving Picture Experts Group<\/li><li>Y, por supuesto, archivos de documentos que son PPT y .PPTX, .XLS y XLSX, .HTML y .HTM, .ODT, .PDF, .DOC y DOCX, .ODS y .TXT.<\/li><\/ul>\n\n\n\n<h2>\u00bfQui\u00e9n puede utilizar este FileHoster?<\/h2>\n\n\n\n<p>Ya sea un empleado, un empresario, un profesor, un estudiante o quien sea, puede utilizar Keep2Share para guardar o compartir sus archivos digitales importantes. Y no tiene que preocuparse por los archivos confidenciales porque compartir sus archivos se puede personalizar en p\u00fablico, privado o con personas espec\u00edficas con las que quiera compartirlo.<\/p>\n\n\n\n<h2>\u00bfPor qu\u00e9 lo necesita?<\/h2>\n\n\n\n<p>Olv\u00eddate de la molestia de llevar memorias USB o unidades de almacenamiento externas o discos \u00f3pticos con una velocidad de transferencia lenta para compartir archivos con otro dispositivo. Usando esto puedes transferir archivos o carpetas en l\u00ednea en un instante.<\/p>\n\n\n\n<p>Almacene y organice sus archivos digitales en Keep2Share para que pueda acceder a ellos en cualquier momento y en cualquier lugar, simplemente obteniendo el enlace de los archivos espec\u00edficos cargados que le gustar\u00eda compartir o tambi\u00e9n puede utilizar el enlace compartido en los correos electr\u00f3nicos, en lugar de enviarlos como archivos adjuntos de gran tama\u00f1o.<\/p>\n\n\n\n<h2>\u00bfC\u00f3mo utilizar Keep2Share?<\/h2>\n\n\n\n<p>No es necesario descargar e instalar Keep2Share, todo lo que tiene que hacer es abrir su navegador y ya est\u00e1. Sin complicaciones y sin virus.<\/p>\n\n\n\n<p>Aqu\u00ed est\u00e1n los pasos para su almacenamiento remoto r\u00e1pido y sin problemas con Keep2Share:<\/p>\n\n\n\n<p>Paso 1. Abra su navegador, vaya a https:\/\/keep2share.cc<\/p>\n\n\n\n<p>Paso 2. Reg\u00edstrese GRATIS y acceda a una cuenta de Keep2Share.<\/p>\n\n\n\n<p>Paso 3. En su ordenador, elija el archivo o la carpeta que quiera subir desde su port\u00e1til o su ordenador de sobremesa. Tienes la opci\u00f3n de hacerlo p\u00fablico, privado o compartido.<\/p>\n\n\n\n<p>Paso 4. Puede arrastrar o cargar manualmente el archivo\/carpeta elegido desde su ordenador o port\u00e1til a su cuenta de Keep2Share.<\/p>\n\n\n\n<h2>Descargador de alojamiento de archivos<\/h2>\n\n\n\n<p>Keep2share es una plataforma de intercambio de archivos innovadora y muy flexible, lo que la hace diferente en comparaci\u00f3n con otros hosters de archivos. Permite a los clientes utilizar descargadores de terceros de su elecci\u00f3n para impulsar sus descargas. Una forma eficaz de ahorrar tiempo cuando los clientes tienen una gran cantidad de archivos para descargar.<\/p>\n\n\n\n<h2>\u00bfC\u00f3mo subir tus archivos a la plataforma?<\/h2>\n\n\n\n<p>Despu\u00e9s de iniciar la sesi\u00f3n, debe ir a la p\u00e1gina de su cuenta y buscar el bot\u00f3n de carga. Se le preguntar\u00e1 si est\u00e1 de acuerdo con los T\u00e9rminos y Condiciones de la plataforma. Esto es para asegurarse de que los usuarios han le\u00eddo y entendido qu\u00e9 tipo de archivos no est\u00e1n permitidos en la plataforma. Despu\u00e9s de aceptar, puedes hacer clic en el bot\u00f3n \u00abIniciar\u00bb y el proceso de carga comenzar\u00e1 de inmediato.<\/p>\n\n\n\n<p>Despu\u00e9s de subir los archivos, ahora puedes establecer si quieres que el p\u00fablico tenga acceso a ellos o s\u00f3lo hacerlo en acceso privado. Tambi\u00e9n hay un bot\u00f3n que te permite obtener el enlace del archivo para compartirlo f\u00e1cilmente con otras personas a las que quieras tener acceso.<\/p>\n\n\n\n<h2>Las cuentas Premium<\/h2>\n\n\n\n<p>Carga, descarga y accesibilidad seguras y r\u00e1pidas: si puede obtener todas estas caracter\u00edsticas con Keep2share de forma gratuita, \u00bfqu\u00e9 m\u00e1s puede obtener con una cuenta premium y pro?<\/p>\n\n\n\n<p>Los clientes pueden seguir disfrutando de la cuenta gratuita, ya que no es obligatorio inscribirse en una cuenta premium o premium pro. Si alguna vez los clientes a\u00fan no est\u00e1n seguros de obtener una cuenta premium de Keep2share o no, a\u00fan pueden disfrutar de sus caracter\u00edsticas premium durante un per\u00edodo de prueba. Sin embargo, los archivos demasiado grandes pueden no ser suficientes si s\u00f3lo tiene una cuenta gratuita. Recomendamos encarecidamente que se cambie a una de las cuentas Premium para obtener mayor espacio.<\/p>\n\n\n\n<p>Hay 3 tipos de cuentas Keep2share:<\/p>\n\n\n\n<figure class=\"wp-block-table\"><table><tbody><tr><td>Cuenta GRATUITA<\/td><td>Cuenta PREMIUM<\/td><td>Cuenta PREMIUM PRO<\/td><\/tr><tr><td>$0 mensualmente<\/td><td>$9.50 mensualmente<\/td><td>$11.75 mensualmente<\/td><\/tr><tr><td>50 KB\/s Velocidad de descarga<\/td><td>Descarga de alta velocidad<\/td><td>Descarga a m\u00e1xima velocidad<\/td><\/tr><tr><td>L\u00edmite de 1 GB por descarga de archivos<\/td><td>L\u00edmite de descarga de archivos de 20 GB por d\u00eda<\/td><td>L\u00edmite de descarga de archivos de 50 GB por d\u00eda<\/td><\/tr><tr><td>Una descarga a la vez<\/td><td>Descargas simult\u00e1neas<\/td><td>Descargas simult\u00e1neas<\/td><\/tr><tr><td>Acceso a enlaces compartidos<\/td><td>Acceso a enlaces compartidos<\/td><td>Acceso a enlaces compartidos<\/td><\/tr><tr><td><\/td><td>Acelerador de descargas de terceros permitido<\/td><td>Acelerador de descargas de terceros permitido<\/td><\/tr><tr><td><\/td><td>Gestor de descargas permitido<\/td><td>Gestor de descargas permitido<\/td><\/tr><tr><td><\/td><td>Descargas de curr\u00edculos disponibles<\/td><td>Descargas de curr\u00edculos disponibles<\/td><\/tr><tr><td><\/td><td><\/td><td>Tama\u00f1o m\u00e1ximo adicional de 10 GB para cada descarga<\/td><\/tr><tr><td><\/td><td><\/td><td>Descargar archivos de forma an\u00f3nima<\/td><\/tr><tr><td><\/td><td><\/td><td>Comprobador de archivos de malware y antivirus<\/td><\/tr><tr><td><\/td><td><\/td><td>Vista previa ilimitada de v\u00eddeos en l\u00ednea<\/td><\/tr><tr><td><\/td><td><\/td><td>Mayor almacenamiento<\/td><\/tr><\/tbody><\/table><\/figure>\n\n\n\n<p>Muchos clientes sugieren utilizar la Cuenta Premium y la Cuenta Premium Pro para maximizar la eficiencia, la productividad del producto y para su tranquilidad. En caso de que todav\u00eda tenga dudas, aqu\u00ed est\u00e1 la <a href=\"https:\/\/searchcloudcomputing.techtarget.com\/definition\/subscription-based-pricing-model\" target=\"_blank\" rel=\"noreferrer noopener\">suscripci\u00f3n <\/a>flexible de Keep2share que se adapta a sus necesidades:<\/p>\n\n\n<a class=\"maxbutton-1 maxbutton maxbutton-cta\" target=\"_blank\" rel=\"nofollow noopener\" href=\"\/go\/\"><span class='mb-text'>&gt;&gt; Ir al sitio web oficial de Keep2share<\/span><\/a>\n\n\n<p><\/p>\n\n\n\n<p>PRUEBA (durante 3 d\u00edas)<\/p>\n\n\n\n<figure class=\"wp-block-table\"><table><tbody><tr><td>Cuenta Premium<\/td><td>$6.95 durante 3 d\u00edas<\/td><\/tr><tr><td>Cuenta Premium Pro<\/td><td>$8.95 durante 3 d\u00edas<\/td><\/tr><\/tbody><\/table><\/figure>\n\n\n\n<p>MENSUAL (durante 30 d\u00edas)<\/p>\n\n\n\n<figure class=\"wp-block-table\"><table><tbody><tr><td>Cuenta Premium<\/td><td>$16.95 por mes<\/td><\/tr><tr><td>Cuenta Premium Pro<\/td><td>$21.95 por mes<\/td><\/tr><\/tbody><\/table><\/figure>\n\n\n\n<p>TRIMESTRAL (durante 90 d\u00edas)<\/p>\n\n\n\n<figure class=\"wp-block-table\"><table><tbody><tr><td>Cuenta Premium<\/td><td>$13.98\u00a0 por mes<\/td><\/tr><tr><td>Cuenta Premium Pro<\/td><td>$17.32\u00a0 por mes<\/td><\/tr><\/tbody><\/table><\/figure>\n\n\n\n<p>A\u00d1O (durante 365 d\u00edas)<\/p>\n\n\n\n<figure class=\"wp-block-table\"><table><tbody><tr><td>Cuenta Premium<\/td><td>$9.50\u00a0 por mes<\/td><\/tr><tr><td>Cuenta Premium Pro<\/td><td>$11.75\u00a0 por mes<\/td><\/tr><\/tbody><\/table><\/figure>\n\n\n\n<h2>Pago<\/h2>\n\n\n\n<figure class=\"wp-block-image size-large\"><img loading=\"lazy\" width=\"450\" height=\"275\" src=\"https:\/\/keep2share.me\/wp-content\/uploads\/2021\/02\/Payment-Logo.png\" alt=\"Payment Logo\" class=\"wp-image-275\" srcset=\"https:\/\/keep2share.me\/wp-content\/uploads\/2021\/02\/Payment-Logo.png 450w, https:\/\/keep2share.me\/wp-content\/uploads\/2021\/02\/Payment-Logo-300x183.png 300w, https:\/\/keep2share.me\/wp-content\/uploads\/2021\/02\/Payment-Logo-250x153.png 250w\" sizes=\"(max-width: 450px) 100vw, 450px\" \/><\/figure>\n\n\n\n<p>Los clientes pueden pagar a trav\u00e9s de estos importantes centros de pago c\u00f3modamente. Keep2share garantiza la m\u00e1xima confidencialidad y seguridad de todas sus compras. Todas las transacciones son seguras y encriptadas para evitar manipulaciones maliciosas de las cuentas bancarias de los usuarios. Keep2share siempre garantiza una experiencia sin complicaciones para sus clientes.<\/p>\n\n\n\n<h2>Ganar dinero con Keep2Share<\/h2>\n\n\n\n<p>\u00bfQu\u00e9 m\u00e1s puede hacer con un servicio de alojamiento de archivos? Puede que est\u00e9 pensando en s\u00f3lo guardar sus archivos aqu\u00ed, pero tiene que mirar m\u00e1s de cerca, profundizar, ya que puede obtener dinero en efectivo de ello. Con el programa de monetizaci\u00f3n de Keep2Share, \u00a1le permite vender sus productos virtuales en la misma plataforma! Usted recibir\u00e1 el 75% de todas sus ventas.<\/p>\n\n\n\n<h3>\u00bfC\u00f3mo funciona?<\/h3>\n\n\n\n<p>Tendr\u00e1s que subir tus archivos en la Plataforma de Dinero, que pueden ser subidos desde un navegador, desde otros sitios web o FTP. Ahora tendr\u00e1 que compartir sus archivos publicando los enlaces o a\u00f1adiendo reproductores de v\u00eddeo en sus sitios. A los usuarios que quieran ver y descargar tus archivos se les pedir\u00e1 un pago a cambio de su acceso. Tendr\u00e1n que pagar a la plataforma por ello y a partir de ah\u00ed, t\u00fa recibir\u00e1s las ventas.<\/p>\n\n\n\n<h2>Caracter\u00edsticas principales de un buen alojamiento de archivos<\/h2>\n\n\n\n<ol><li>Transferencia segura de archivos<\/li><\/ol>\n\n\n\n<p>Como uno de los principales hosters de archivos, Keep2Share garantiza que todos los archivos que se descarguen est\u00e9n a salvo de ataques maliciosos y posibles virus, especialmente cuando se actualiza a una de las cuentas premium. Utiliza una autenticaci\u00f3n segura de alta gama que impide el acceso no autorizado para proteger la informaci\u00f3n de los usuarios.<\/p>\n\n\n\n<ol start=\"2\"><li>Caracter\u00edsticas de la descarga<\/li><\/ol>\n\n\n\n<p>Una de las mejores cosas que puede ofrecer un hoster de archivos es la velocidad de descarga. Tiene una funci\u00f3n de velocidad de descarga supers\u00f3nica y permite a los usuarios descargar varios archivos al mismo tiempo sin interrupci\u00f3n. Keep2Share Premium tambi\u00e9n se integra con aplicaciones de terceros para aumentar la velocidad de descarga y maximizar su productividad y eficiencia.<\/p>\n\n\n\n<ol start=\"3\"><li>Accesibilidad y flexibilidad<\/li><\/ol>\n\n\n\n<p>Un hoster de archivos debe ser lo suficientemente flexible como para acceder a los archivos en cualquier tipo de entorno es una de las principales caracter\u00edsticas de Keep2Share. Permite gestionar los permisos de todos los archivos en cualquier lugar para una experiencia sin complicaciones. Perfecto para los propietarios de negocios y para las personas que necesitan archivos grandes para compartir.<\/p>\n\n\n\n<ol start=\"4\"><li>Asistencia al cliente<\/li><\/ol>\n\n\n\n<p>Keep2Share proporciona un servicio oportuno, atento y optimista al cliente, y se asegura de satisfacer sus necesidades. Proporcionan respuestas \u00fatiles a los usuarios para una experiencia de servicio al cliente excepcional.<\/p>\n\n\n\n<ol start=\"5\"><li>Funciones mejoradas para una cuenta mejorada<\/li><\/ol>\n\n\n\n<p>No todos los hosters de archivos pueden ofrecer una gran cantidad de actualizaciones, incluso cuando se actualiza el pago. \u00a1Con Keep2Share cada c\u00e9ntimo cuenta! Con la prima y la prima pro, los usuarios pueden tener caracter\u00edsticas adicionales como el intercambio remoto, la descarga simult\u00e1nea, el comprobador de archivos de virus, las descargas reanudables, la reproducci\u00f3n ilimitada de v\u00eddeos en l\u00ednea, un mayor almacenamiento de archivos, y mucho m\u00e1s.<\/p>\n\n\n\n<figure class=\"wp-block-image size-large\"><img loading=\"lazy\" width=\"430\" height=\"286\" src=\"https:\/\/keep2share.me\/wp-content\/uploads\/2021\/02\/Keep2Share-Premium-Account-Reviews.jpg\" alt=\"Keep2Share Premium Account Reviews\" class=\"wp-image-274\" srcset=\"https:\/\/keep2share.me\/wp-content\/uploads\/2021\/02\/Keep2Share-Premium-Account-Reviews.jpg 430w, https:\/\/keep2share.me\/wp-content\/uploads\/2021\/02\/Keep2Share-Premium-Account-Reviews-300x200.jpg 300w, https:\/\/keep2share.me\/wp-content\/uploads\/2021\/02\/Keep2Share-Premium-Account-Reviews-250x166.jpg 250w\" sizes=\"(max-width: 430px) 100vw, 430px\" \/><\/figure>\n\n\n\n<h2>Preguntas frecuentes (FAQ)<\/h2>\n\n\n\n<h3>\u00bfSon mis archivos cargados accesibles a otros?<\/h3>\n\n\n\n<p>S\u00ed, pero s\u00f3lo si decides compartir el enlace o el acceso de ciertos archivos.<\/p>\n\n\n\n<h3>\u00bfQu\u00e9 archivos se pueden cargar y descargar?<\/h3>\n\n\n\n<p>Los usuarios pueden cargar o descargar todo tipo de archivos digitales, incluso los <a href=\"https:\/\/www.lifewire.com\/what-is-a-compressed-file-2625829\" target=\"_blank\" rel=\"noreferrer noopener\">comprimidos<\/a>. Keep2Share analiza los archivos en busca de virus antes de compartirlos o descargarlos.<\/p>\n\n\n\n<h3>\u00bfC\u00f3mo puedo pasar a una cuenta premium?<\/h3>\n\n\n\n<p>Siga estos pasos:<\/p>\n\n\n\n<ul><li>Inicie sesi\u00f3n en su cuenta de Keep2Share.<\/li><li>Vaya a https:\/\/k2s.cc\/premium y vaya a Facturaci\u00f3n y luego a Suscripciones.<\/li><li>Elija una cuenta Premium o Premium Pro.<\/li><li>Haga clic en A\u00f1adir una suscripci\u00f3n.<\/li><li>Haga clic en Actualizar.<\/li><li>Seleccione un plan de pago.<\/li><li>Haga clic en Pago.<\/li><li>Haga clic en Realizar pedido.<\/li><\/ul>\n\n\n\n<h3>\u00bfPuedo descargar muchos archivos al mismo tiempo?<\/h3>\n\n\n\n<p>S\u00ed, si se suscribe a una cuenta Premium o Pro.<\/p>\n\n\n\n<h3>\u00bfC\u00f3mo me inscribo en una cuenta?<\/h3>\n\n\n\n<p>Para inscribirse en una cuenta de Keep2Share, utilice su Gmail o puede optar por crear una cuenta de correo electr\u00f3nico.<\/p>\n\n\n\n<h2>Conclusi\u00f3n:<\/h2>\n\n\n\n<p>Antes de elegir el alojamiento de archivos adecuado, una persona debe conocer a fondo el tipo de plataforma que va a utilizar. Con eso, los nuevos usuarios pueden maximizar las caracter\u00edsticas que un hoster de archivos puede ofrecer. Keep2Share Premium ha sido un poderoso archivo de almacenamiento remoto <a href=\"https:\/\/www.howitworksdaily.com\/cloud-storage-what-is-it-and-how-does-it-work\/\" target=\"_blank\" rel=\"noreferrer noopener\">basado en la nube<\/a>. Con un mont\u00f3n de ventajas para impulsar la productividad del usuario no es de extra\u00f1ar, es ahora uno de los principales multi hoster y file hoster. Debido a que es f\u00e1cil de usar, esta plataforma de alojamiento de archivos se est\u00e1 convirtiendo en una herramienta de productividad necesidad para cualquier persona si usted es un estudiante o propietario de una peque\u00f1a empresa o una empresa de Fortune 500, ya sea para uso profesional o personal, Keep2Share est\u00e1 aqu\u00ed para usted.<\/p>\n\n\n\n<p>El Premium garantiza la seguridad porque todos los archivos est\u00e1n protegidos, la informaci\u00f3n de pago del cliente es an\u00f3nima y segura, todos los archivos se pueden descargar sin virus. Protecci\u00f3n s\u00f3lida y precio asequible para su usuario. Hay un mont\u00f3n de hoster de archivos por ah\u00ed, pero Keep2Share se destaca, debido a su eficiencia de descarga, con un solo clic se ahorrar\u00e1 mucho tiempo, gracias a su caracter\u00edstica \u00fanica de aceleradores de descarga de terceros integrados.<\/p>\n\n\n\n<p>Otra ventaja de usar esto, es su adaptabilidad y compatibilidad porque este hoster de archivos puede ser usado para Windows o MAC. Se puede abrir en cualquier PC para que los usuarios siempre puedan acceder o descargar sus archivos en cualquier momento o en cualquier lugar.<\/p>\n\n\n\n<p>Keep2Share es f\u00e1cil de usar y de navegar. A diferencia de otros hoster de archivos, donde hay un mont\u00f3n de configuraciones o pasos adicionales antes de poder subir o descargar, tiene una interfaz simple y f\u00e1cil de navegar para los usuarios no t\u00e9cnicos. No tiene configuraciones complejas para facilitar la gesti\u00f3n de un gran n\u00famero de archivos.<\/p>\n\n\n\n<p>Porque Keep2Share quiere hacer la vida de sus clientes m\u00e1s f\u00e1cil, tienen un equipo de expertos que nunca deja de investigar e innovar. As\u00ed que apuesto a que hasta tu abuela podr\u00e1 utilizarlo sin demasiadas complicaciones.<\/p>\n\n\n\n<p>En caso de problemas con el sistema de Keep2Share, cuentan con un servicio de atenci\u00f3n al cliente receptivo y amable que resuelve los problemas de los usuarios de forma profesional y r\u00e1pida.<\/p>\n\n\n\n<p>Para una mayor tranquilidad, se recomienda utilizar la versi\u00f3n Premium o Premium Pro.<\/p>\n\n\n<a class=\"maxbutton-1 maxbutton maxbutton-cta\" target=\"_blank\" rel=\"nofollow noopener\" href=\"\/go\/\"><span class='mb-text'>&gt;&gt; Ir al sitio web oficial de Keep2share<\/span><\/a>\n\n\n<p><\/p>\n","protected":false},"excerpt":{"rendered":"<p>\u00bfAlguna vez ha tenido problemas para almacenar y perder sus archivos importantes? \u00a1Bueno, no se preocupe m\u00e1s porque Keep2Share le tiene! \u00bfCansado de perder sus documentos importantes, fotos, v\u00eddeos y audios, o cualquier archivo digital que est\u00e9 almacenado en sus ordenadores a causa de los virus y el malware? Acabe con la molestia de perder [&hellip;]<\/p>\n","protected":false},"author":7,"featured_media":0,"parent":0,"menu_order":0,"comment_status":"closed","ping_status":"closed","template":"full-width.php","meta":[],"_links":{"self":[{"href":"https:\/\/keep2share.me\/es\/wp-json\/wp\/v2\/pages\/281"}],"collection":[{"href":"https:\/\/keep2share.me\/es\/wp-json\/wp\/v2\/pages"}],"about":[{"href":"https:\/\/keep2share.me\/es\/wp-json\/wp\/v2\/types\/page"}],"author":[{"embeddable":true,"href":"https:\/\/keep2share.me\/es\/wp-json\/wp\/v2\/users\/7"}],"replies":[{"embeddable":true,"href":"https:\/\/keep2share.me\/es\/wp-json\/wp\/v2\/comments?post=281"}],"version-history":[{"count":1,"href":"https:\/\/keep2share.me\/es\/wp-json\/wp\/v2\/pages\/281\/revisions"}],"predecessor-version":[{"id":290,"href":"https:\/\/keep2share.me\/es\/wp-json\/wp\/v2\/pages\/281\/revisions\/290"}],"wp:attachment":[{"href":"https:\/\/keep2share.me\/es\/wp-json\/wp\/v2\/media?parent=281"}],"curies":[{"name":"wp","href":"https:\/\/api.w.org\/{rel}","templated":true}]}}