{"id":283,"date":"2021-02-23T15:45:06","date_gmt":"2021-02-23T15:45:06","guid":{"rendered":"https:\/\/keep2share.me\/?page_id=283"},"modified":"2021-02-23T15:45:08","modified_gmt":"2021-02-23T15:45:08","slug":"keep2share-premium-account-the-most-trusted-file-hosting-provider","status":"publish","type":"page","link":"https:\/\/keep2share.me\/de\/","title":{"rendered":"Keep2Share Premium Account \u2013 Der vertrauensw\u00fcrdigste Filehosting-Anbieter"},"content":{"rendered":"\n<p>Hatten Sie jemals Probleme beim Speichern und Verlieren Ihrer wichtigen Dateien? Nun, machen Sie sich keine Sorgen mehr, denn Keep2Share hat Sie! Haben Sie es satt, Ihre wichtigen Dokumente, Fotos, Videos und Audios oder jede andere digitale Datei, die auf Ihrem Computer gespeichert ist, aufgrund von Viren und Malware zu verlieren? Beenden Sie den \u00c4rger \u00fcber den Verlust Ihrer Dateien, indem Sie Keep2Share und Keep2Share Premium nutzen, wo alle Dateien auf h\u00f6chstem Sicherheitsniveau gespeichert werden!<\/p>\n\n\n<a class=\"maxbutton-1 maxbutton maxbutton-cta\" target=\"_blank\" rel=\"nofollow noopener\" href=\"\/go\/\"><span class='mb-text'>&gt;&gt; Zur offiziellen Keep2share Website gehen<\/span><\/a>\n\n\n<p><\/p>\n\n\n\n<h2>Was ist Keep2Share?<\/h2>\n\n\n\n<p>Keep2Share ist eine kostenlose Cloud-<a href=\"https:\/\/searchmobilecomputing.techtarget.com\/definition\/file-sharing\" target=\"_blank\" rel=\"noreferrer noopener\">Filesharing<\/a>-Plattform und wird als eine der f\u00fchrenden Filehoster-Websites kategorisiert. Es ist ein sicheres, flexibles und zuverl\u00e4ssiges Filehosting, das dem Benutzer das Herunterladen und Hochladen von Dateien oder Ordnern erm\u00f6glicht. Es ist eine der f\u00fchrenden Sharing-Plattformen und bekannt f\u00fcr seine benutzerfreundlichen Funktionen. Diese Plattform erm\u00f6glicht es dem Benutzer, Dateien zu speichern, die in der Natur digital sind.<\/p>\n\n\n\n<p>Digitale Dateien sind die Datendateien, die durch Namen und Speicherort im Computerspeicher identifiziert und in einem Computersystem in einem ausf\u00fchrbaren Programm oder Dokument gespeichert werden. Sie k\u00f6nnen diese digitalen Dateien im folgenden Format sehen:<\/p>\n\n\n\n<ul><li>TIFF oder tif aka Tagged Image File Format<\/li><li>Bitmap (.bmp) oder BMP aka Bitmap Image File<\/li><li>JPEG oder .jpeg alias Joint Photographic Experts Groups<\/li><li>GIF alias Graphics Interchange Format<\/li><li>PNG aka Portable Netzwerk Grafik<\/li><li>EPS aka Gekapseltes PostScript<\/li><li>RAW oder .cr2, .nef, .orf, .sr2, etc. sind unbearbeitete Bilddateien<\/li><li>SVG oder Skalierbare Vektorgrafik<\/li><li>MP4 oder Moving Picture Experts Group<\/li><li>Und nat\u00fcrlich Dokumentdateien, die PPT und .PPTX, .XLS und XLSX, .HTML und .HTM, .ODT, .PDF, .DOC und DOCX, .ODS und .TXT sind.<\/li><\/ul>\n\n\n\n<h2>Wer kann diesen FileHoster nutzen?<\/h2>\n\n\n\n<p>Egal, ob Sie ein Angestellter, ein Unternehmer, ein Lehrer, ein Student oder wer auch immer Sie sind, Sie k\u00f6nnen Keep2Share verwenden, um Ihre wichtigen digitalen Dateien zu speichern oder zu teilen. Und Sie m\u00fcssen sich keine Sorgen um die vertraulichen Dateien machen, denn die Freigabe Ihrer Dateien kann auf \u00f6ffentlich, privat oder an bestimmte Personen, mit denen Sie sie teilen m\u00f6chten, angepasst werden.<\/p>\n\n\n\n<h2>Warum brauchen Sie es?<\/h2>\n\n\n\n<p>Vergessen Sie das l\u00e4stige Herumtragen von USB-Sticks oder externen Speichern oder optischen Laufwerken mit langsamer \u00dcbertragungsgeschwindigkeit, nur um Dateien auf ein anderes Ger\u00e4t zu \u00fcbertragen. Mit dieser Funktion k\u00f6nnen Sie Dateien oder Ordner im Handumdrehen online \u00fcbertragen!<\/p>\n\n\n\n<p>Speichern und organisieren Sie Ihre digitalen Dateien in Keep2Share, damit Sie jederzeit und \u00fcberall darauf zugreifen k\u00f6nnen, indem Sie einfach den Link bestimmter hochgeladener Dateien erhalten, die Sie teilen m\u00f6chten. Sie k\u00f6nnen den geteilten Link auch in E-Mails verwenden, anstatt sie als gro\u00dfe Anh\u00e4nge zu versenden.<\/p>\n\n\n\n<h2>Wie benutzt man Keep2Share?<\/h2>\n\n\n\n<p>Sie brauchen Keep2Share nicht herunterzuladen und zu installieren, Sie m\u00fcssen nur Ihren Browser \u00f6ffnen und schon k\u00f6nnen Sie loslegen. Problemlos und virenfrei!<\/p>\n\n\n\n<p>Hier sind die Schritte f\u00fcr Ihre schnelle und problemlose Fernspeicherung mit Keep2Share:<\/p>\n\n\n\n<p>Schritt 1. \u00d6ffnen Sie Ihren Browser, gehen Sie zu https:\/\/keep2share.cc.<\/p>\n\n\n\n<p>Schritt 2. Registrieren Sie sich KOSTENLOS und melden Sie sich mit einem Konto bei Keep2Share an.<\/p>\n\n\n\n<p>Schritt 3. W\u00e4hlen Sie auf Ihrem Computer die Datei oder den Ordner, den Sie von Ihrem Laptop oder Desktop hochladen m\u00f6chten. Sie haben die M\u00f6glichkeit, sie \u00f6ffentlich, privat oder freigegeben zu machen.<\/p>\n\n\n\n<p>Schritt 4. Sie k\u00f6nnen die ausgew\u00e4hlte Datei\/Ordner entweder per Drag &amp; Drop oder manuell von Ihrem Computer oder Laptop auf Ihr Keep2Share-Konto hochladen.<\/p>\n\n\n\n<h2>Datei-Hosting-Downloader<\/h2>\n\n\n\n<p>Keep2share ist eine innovative und sehr flexible Plattform zum Teilen von Dateien und unterscheidet sich dadurch von anderen Filehostern. Es erlaubt Kunden, Downloader von Drittanbietern ihrer Wahl zu verwenden, um ihre Downloads zu steigern. Ein effektiver Weg, um Zeit zu sparen, wenn Kunden eine gro\u00dfe Menge an Dateien herunterladen m\u00fcssen.<\/p>\n\n\n\n<h2>Wie k\u00f6nnen Sie Ihre Dateien auf die Plattform hochladen?<\/h2>\n\n\n\n<p>Nachdem Sie sich angemeldet haben, m\u00fcssen Sie auf Ihre Kontoseite gehen und nach der Schaltfl\u00e4che zum Hochladen suchen. Sie werden gefragt, ob Sie mit den Allgemeinen Gesch\u00e4ftsbedingungen der Plattform einverstanden sind. Dies dient dazu, sicherzustellen, dass die Benutzer gelesen und verstanden haben, welche Art von Dateien auf der Plattform nicht erlaubt sind. Nachdem Sie zugestimmt haben, k\u00f6nnen Sie auf die Schaltfl\u00e4che &#8222;Start&#8220; klicken und der Hochladevorgang wird sofort gestartet.<\/p>\n\n\n\n<p>Nachdem Sie die Dateien hochgeladen haben, k\u00f6nnen Sie nun einstellen, ob die \u00d6ffentlichkeit darauf zugreifen kann oder ob sie nur privat zug\u00e4nglich sein soll. Es gibt auch eine Schaltfl\u00e4che, mit der Sie den Link der Datei abrufen k\u00f6nnen, um sie einfach mit anderen Personen zu teilen, auf die Sie Zugriff haben m\u00f6chten.<\/p>\n\n\n\n<h2>Die Premium-Konten<\/h2>\n\n\n\n<p>Sicherer, schneller Upload, Download und Zug\u00e4nglichkeit &#8211; wenn Sie all diese Funktionen mit Keep2share kostenlos bekommen k\u00f6nnen, was k\u00f6nnen Sie dann noch mit einem Premium- und Pro-Account bekommen?<\/p>\n\n\n\n<p>Kunden k\u00f6nnen immer noch das kostenlose Konto genie\u00dfen, da es nicht zwingend erforderlich ist, sich f\u00fcr ein Premium- oder Pro-Konto anzumelden. Wenn Kunden immer noch nicht sicher sind, ob sie ein Keep2share-Premium-Konto bekommen sollen oder nicht, k\u00f6nnen sie immer noch die Premium-Funktionen f\u00fcr einen Testzeitraum genie\u00dfen. Bei zu gro\u00dfen Dateien kann es jedoch sein, dass Sie nur einen kostenlosen Account haben. Wir empfehlen Ihnen dringend, auf einen der Premium-Accounts f\u00fcr gr\u00f6\u00dferen Speicherplatz zu wechseln.<\/p>\n\n\n\n<p>Es gibt 3 Arten von Keep2share-Konten:<\/p>\n\n\n\n<figure class=\"wp-block-table\"><table><tbody><tr><td>KOSTENLOSES Konto<\/td><td>PREMIUM Account<\/td><td>PREMIUM PRO Account<\/td><\/tr><tr><td>$0 monatlich<\/td><td>$9.50 monatlich<\/td><td>$11.75 monatlich<\/td><\/tr><tr><td>50 KB\/s Download-Geschwindigkeit<\/td><td>Hochgeschwindigkeits-Download<\/td><td>Maximale Geschwindigkeit Download<\/td><\/tr><tr><td>1 GB Limit pro Dateidownload<\/td><td>20 GB Datei-Download-Limit pro Tag<\/td><td>50 GB Datei-Download-Limit pro Tag<\/td><\/tr><tr><td>Ein Download nach dem anderen<\/td><td>Gleichzeitige Downloads<\/td><td>Gleichzeitige Downloads<\/td><\/tr><tr><td>Freigabe des Link-Zugriffs<\/td><td>Freigabe des Link-Zugriffs<\/td><td>Freigabe des Link-Zugriffs<\/td><\/tr><tr><td><\/td><td>Download-Beschleuniger von Drittanbietern erlaubt<\/td><td>Download-Beschleuniger von Drittanbietern erlaubt<\/td><\/tr><tr><td><\/td><td>Download Manager erlaubt<\/td><td>Download Manager erlaubt<\/td><\/tr><tr><td><\/td><td>Lebenslauf Downloads verf\u00fcgbar<\/td><td>Lebenslauf Downloads verf\u00fcgbar<\/td><\/tr><tr><td><\/td><td><\/td><td>Zus\u00e4tzlich 10 GB maximale Gr\u00f6\u00dfe f\u00fcr jeden Download<\/td><\/tr><tr><td><\/td><td><\/td><td>Dateien herunterladen Anonym<\/td><\/tr><tr><td><\/td><td><\/td><td>Malware- und Anti-Virus-Dateipr\u00fcfer<\/td><\/tr><tr><td><\/td><td><\/td><td>Unbegrenzte Online-Video-Vorschau<\/td><\/tr><tr><td><\/td><td><\/td><td>Gr\u00f6\u00dferer Speicher<\/td><\/tr><\/tbody><\/table><\/figure>\n\n\n\n<p>Viele Kunden empfehlen die Nutzung von Premium Account und Premium Account Pro, um die Effizienz und Produktivit\u00e4t des Produkts zu maximieren und um sich zu beruhigen. F\u00fcr den Fall, dass Sie immer noch Zweifel haben, hier ist das Keep2share flexible <a href=\"https:\/\/searchcloudcomputing.techtarget.com\/definition\/subscription-based-pricing-model\" target=\"_blank\" rel=\"noreferrer noopener\">Abonnement<\/a>, das genau auf Ihre Bed\u00fcrfnisse zugeschnitten ist:<\/p>\n\n\n<a class=\"maxbutton-1 maxbutton maxbutton-cta\" target=\"_blank\" rel=\"nofollow noopener\" href=\"\/go\/\"><span class='mb-text'>&gt;&gt; Zur offiziellen Keep2share Website gehen<\/span><\/a>\n\n\n<p><\/p>\n\n\n\n<p>TRIAL (f\u00fcr 3 Tage)<\/p>\n\n\n\n<figure class=\"wp-block-table\"><table><tbody><tr><td>Premium account<\/td><td>$6.95 f\u00fcr 3 Tage<\/td><\/tr><tr><td>Premium Pro account<\/td><td>$8.95 f\u00fcr 3 Tage<\/td><\/tr><\/tbody><\/table><\/figure>\n\n\n\n<p>MONTHLY (for 30 days)<\/p>\n\n\n\n<figure class=\"wp-block-table\"><table><tbody><tr><td>Premium account<\/td><td>$16.95 pro Monat<\/td><\/tr><tr><td>Premium Pro account<\/td><td>$21.95 pro Monat<\/td><\/tr><\/tbody><\/table><\/figure>\n\n\n\n<p>QUARTERLY (for 90 days)<\/p>\n\n\n\n<figure class=\"wp-block-table\"><table><tbody><tr><td>Premium account<\/td><td>$13.98\u00a0pro Monat<\/td><\/tr><tr><td>Premium Pro account<\/td><td>$17.32 pro Monat<\/td><\/tr><\/tbody><\/table><\/figure>\n\n\n\n<p>YEARLY (for 365 days)<\/p>\n\n\n\n<figure class=\"wp-block-table\"><table><tbody><tr><td>Premium account<\/td><td>$9.50\u00a0 pro Monat<\/td><\/tr><tr><td>Premium Pro account<\/td><td>$11.75\u00a0 pro Monat<\/td><\/tr><\/tbody><\/table><\/figure>\n\n\n\n<h2>Zahlung<\/h2>\n\n\n\n<figure class=\"wp-block-image size-large\"><img loading=\"lazy\" width=\"450\" height=\"275\" src=\"https:\/\/keep2share.me\/wp-content\/uploads\/2021\/02\/Payment-Logo.png\" alt=\"Payment Logo\" class=\"wp-image-275\" srcset=\"https:\/\/keep2share.me\/wp-content\/uploads\/2021\/02\/Payment-Logo.png 450w, https:\/\/keep2share.me\/wp-content\/uploads\/2021\/02\/Payment-Logo-300x183.png 300w, https:\/\/keep2share.me\/wp-content\/uploads\/2021\/02\/Payment-Logo-250x153.png 250w\" sizes=\"(max-width: 450px) 100vw, 450px\" \/><\/figure>\n\n\n\n<p>Kunden k\u00f6nnen \u00fcber diese gro\u00dfen Zahlungszentren bequem bezahlen. Keep2share stellt sicher, dass alle Ihre Eink\u00e4ufe in h\u00f6chster Vertraulichkeit und Sicherheit sind. Alle Transaktionen sind sicher und verschl\u00fcsselt, um b\u00f6swillige Manipulationen an den Bankkonten der Nutzer zu vermeiden. Keep2share garantiert immer eine problemlose Erfahrung f\u00fcr seine Kunden.<\/p>\n\n\n\n<h2>Geld verdienen mit Keep2Share<\/h2>\n\n\n\n<p>Was k\u00f6nnen Sie mit einem Datei-Hosting-Service noch tun? Sie denken vielleicht daran, Ihre Dateien hier einfach nur zu speichern, aber Sie m\u00fcssen genauer hinsehen, tiefer graben, denn Sie k\u00f6nnten daraus Geld bekommen. Mit dem Monetarisierungsprogramm von Keep2Share k\u00f6nnen Sie Ihre virtuellen Produkte auf der gleichen Plattform verkaufen! Sie erhalten 75% aller Ihrer Verk\u00e4ufe.<\/p>\n\n\n\n<h3>Wie funktioniert das?<\/h3>\n\n\n\n<p>Sie m\u00fcssen Ihre Dateien in die Geld-Plattform hochladen, die von einem Browser, von anderen Websites oder per FTP hochgeladen werden k\u00f6nnen. Nun m\u00fcssen Sie Ihre Dateien freigeben, indem Sie die Links ver\u00f6ffentlichen oder Videoplayer auf Ihren Websites hinzuf\u00fcgen. Benutzer, die Ihre Dateien ansehen und herunterladen m\u00f6chten, werden als Gegenleistung f\u00fcr ihren Zugang um eine Zahlung gebeten. Sie m\u00fcssen die Plattform daf\u00fcr bezahlen und von dort erhalten Sie die Ums\u00e4tze.<\/p>\n\n\n\n<h2>Hauptmerkmal eines guten Filehosters<\/h2>\n\n\n\n<ol><li>Sichere und gesch\u00fctzte Datei\u00fcbertragung<\/li><\/ol>\n\n\n\n<p>Als einer der f\u00fchrenden Filehoster stellt Keep2Share sicher, dass alle herunterzuladenden Dateien sicher vor b\u00f6sartigen Angriffen und potenziellen Viren sind, besonders wenn man auf einen der Premium-Accounts aufr\u00fcstet. Es verwendet eine sichere High-End-Authentifizierung, die unbefugten Zugriff verbietet, um die Informationen der Benutzer zu sch\u00fctzen.<\/p>\n\n\n\n<ol start=\"2\"><li>Merkmale herunterladen<\/li><\/ol>\n\n\n\n<p>Eines der besten Dinge, die ein Filehoster bieten kann, ist die Download-Geschwindigkeit. Er verf\u00fcgt \u00fcber eine \u00dcberschall-Download-Geschwindigkeit und erm\u00f6glicht es Benutzern, mehrere Dateien gleichzeitig ohne Unterbrechung herunterzuladen. Keep2Share Premium l\u00e4sst sich auch mit Anwendungen von Drittanbietern integrieren, um die Download-Geschwindigkeit zu erh\u00f6hen und seine Produktivit\u00e4t und Effizienz zu maximieren.<\/p>\n\n\n\n<ol start=\"3\"><li>Zug\u00e4nglichkeit und Flexibilit\u00e4t<\/li><\/ol>\n\n\n\n<p>Ein Filehoster sollte flexibel genug sein, um auf Dateien in jeder Art von Umgebung zugreifen zu k\u00f6nnen &#8211; das ist eine der wichtigsten Eigenschaften von Keep2Share. Erlaubt die Verwaltung von Berechtigungen f\u00fcr alle Dateien an jedem beliebigen Ort, um eine problemlose Nutzung zu erm\u00f6glichen. Perfekt f\u00fcr Gesch\u00e4ftsinhaber und f\u00fcr Leute, die gro\u00dfe Dateien zum Teilen ben\u00f6tigen.<\/p>\n\n\n\n<ol start=\"4\"><li>Kundenbetreuung<\/li><\/ol>\n\n\n\n<p>Keep2Share bietet einen zeitnahen, aufmerksamen und optimistischen Service f\u00fcr Kunden und stellt sicher, dass ihre Bed\u00fcrfnisse erf\u00fcllt werden. Sie bieten hilfreiche Antworten f\u00fcr Benutzer f\u00fcr eine hervorragende Kundenservice-Erfahrung.<\/p>\n\n\n\n<ol start=\"5\"><li>Keep2Share bietet einen zeitnahen, aufmerksamen und optimistischen Service f\u00fcr Kunden und stellt sicher, dass ihre Bed\u00fcrfnisse erf\u00fcllt werden. Sie bieten hilfreiche Antworten f\u00fcr Benutzer f\u00fcr eine hervorragende Kundenservice-Erfahrung.<\/li><\/ol>\n\n\n\n<p>Nicht alle Filehoster k\u00f6nnen eine Menge Upgrades anbieten, selbst wenn Sie die Zahlung aufgestockt haben. Bei Keep2Share z\u00e4hlt jeder Penny! Mit der Premium- und der Premium-Pro-Version k\u00f6nnen Benutzer zus\u00e4tzliche Funktionen wie Remote-Sharing, gleichzeitiges Herunterladen, Virus-Dateipr\u00fcfer, wiederaufnehmbare Downloads, unbegrenztes Abspielen von Videos online, gr\u00f6\u00dferen Dateispeicher und mehr haben.<\/p>\n\n\n\n<figure class=\"wp-block-image size-large\"><img loading=\"lazy\" width=\"430\" height=\"286\" src=\"https:\/\/keep2share.me\/wp-content\/uploads\/2021\/02\/Keep2Share-Premium-Account-Reviews.jpg\" alt=\"Keep2Share Premium Account Reviews\" class=\"wp-image-274\" srcset=\"https:\/\/keep2share.me\/wp-content\/uploads\/2021\/02\/Keep2Share-Premium-Account-Reviews.jpg 430w, https:\/\/keep2share.me\/wp-content\/uploads\/2021\/02\/Keep2Share-Premium-Account-Reviews-300x200.jpg 300w, https:\/\/keep2share.me\/wp-content\/uploads\/2021\/02\/Keep2Share-Premium-Account-Reviews-250x166.jpg 250w\" sizes=\"(max-width: 430px) 100vw, 430px\" \/><\/figure>\n\n\n\n<h2>H\u00e4ufig gestellte Fragen (FAQs)<\/h2>\n\n\n\n<h3>Sind meine hochgeladenen Dateien f\u00fcr andere zug\u00e4nglich?<\/h3>\n\n\n\n<p>Ja, aber nur, wenn Sie den Link oder den Zugriff auf bestimmte Dateien freigeben m\u00f6chten.<\/p>\n\n\n\n<h3>Welche Dateien k\u00f6nnen hoch- und heruntergeladen werden?<\/h3>\n\n\n\n<p>Alle Arten von digitalen Dateien k\u00f6nnen von Anwendern hoch- oder heruntergeladen werden, auch solche, die <a href=\"https:\/\/www.lifewire.com\/what-is-a-compressed-file-2625829\" target=\"_blank\" rel=\"noreferrer noopener\">komprimiert <\/a>sind. Keep2Share scannt die Datei auf Viren, bevor die Datei freigegeben oder heruntergeladen wird<\/p>\n\n\n\n<h3>Wie kann ich ein Upgrade auf ein Premium-Konto durchf\u00fchren?<\/h3>\n\n\n\n<p>Gehen Sie folgenderma\u00dfen vor:<\/p>\n\n\n\n<ul><li>Melden Sie sich bei Ihrem Keep2Share-Konto an.<\/li><li>Gehen Sie auf https:\/\/k2s.cc\/premium und gehen Sie zu Billing und dann zu Subscriptions.<\/li><li>W\u00e4hlen Sie ein Premium- oder Premium Pro-Konto aus.<\/li><li>Klicken Sie auf Add a subscription.<\/li><li>Klicken Sie auf Upgrade.<\/li><li>W\u00e4hlen Sie einen Zahlungsplan.<\/li><li>Klicken Sie auf Zur Kasse gehen.<\/li><li>Klicken Sie auf Bestellung aufgeben.<\/li><\/ul>\n\n\n\n<h3>Kann ich viele Dateien gleichzeitig herunterladen?<\/h3>\n\n\n\n<p>Ja, wenn Sie sich f\u00fcr ein Premium- oder Pro-Konto anmelden.<\/p>\n\n\n\n<h3>Wie kann ich mich f\u00fcr ein Konto anmelden?<\/h3>\n\n\n\n<p>Um sich f\u00fcr ein Keep2Share-Konto anzumelden, verwenden Sie Ihr Gmail-Konto oder Sie k\u00f6nnen ein E-Mail-Konto einrichten.<\/p>\n\n\n\n<h2>Fazit<\/h2>\n\n\n\n<p>Bevor man sich f\u00fcr das richtige Filehosting entscheidet, muss man die Art der Plattform, die man nutzen m\u00f6chte, genau kennen. Damit k\u00f6nnen neue Benutzer die Funktionen, die ein Filehoster bieten kann, maximieren. Keep2Share Premium ist ein leistungsstarker Remote-<a href=\"https:\/\/www.howitworksdaily.com\/cloud-storage-what-is-it-and-how-does-it-work\/\" target=\"_blank\" rel=\"noreferrer noopener\">Cloud-basierter <\/a>Dateispeicher. Mit vielen Vorteilen, die die Produktivit\u00e4t der Benutzer steigern, ist es kein Wunder, dass es jetzt einer der f\u00fchrenden Multi-Hoster und File-Hoster ist. Weil es einfach zu bedienen ist, wird diese Datei-Hosting-Plattform zu einem notwendigen Produktivit\u00e4tswerkzeug f\u00fcr jeden, egal ob Sie ein Student, ein Kleinunternehmer oder ein Fortune-500-Unternehmen sind, sei es f\u00fcr den beruflichen oder privaten Gebrauch, Keep2Share ist f\u00fcr Sie da.<\/p>\n\n\n\n<p>Die Premium garantierte Sicherheit, weil alle Dateien gesch\u00fctzt sind, Kundenzahlungsinformationen sind anonym und gesichert, alle Dateien k\u00f6nnen virenfrei heruntergeladen werden. Solider Schutz und erschwinglicher Preis f\u00fcr den Benutzer. Es gibt eine Menge von Filehoster da drau\u00dfen, aber Keep2Share steht heraus, wegen seiner Download-Effizienz, mit nur einem Klick wird eine Menge Zeit sparen, dank seiner einzigartigen Funktion der integrierten Drittanbieter-Download-Beschleuniger.<\/p>\n\n\n\n<p>Ein weiterer Vorteil ist die Anpassungsf\u00e4higkeit und Kompatibilit\u00e4t, da dieser Filehoster auf Windows oder MAC verwendet werden kann. Er kann auf jedem PC ge\u00f6ffnet werden, sodass Benutzer immer und \u00fcberall auf ihre Dateien zugreifen oder sie herunterladen k\u00f6nnen.<\/p>\n\n\n\n<p>Keep2Share ist benutzerfreundlich und einfach zu navigieren. Im Gegensatz zu anderen Filehostern, bei denen es eine Menge Konfigurationen oder zus\u00e4tzliche Schritte gibt, bevor Sie hoch- oder herunterladen k\u00f6nnen, hat es eine einfache Schnittstelle und eine einfache Navigation f\u00fcr nicht-technische Benutzer. Keine komplexen Einstellungen f\u00fcr eine einfachere Verwaltung einer gro\u00dfen Anzahl von Dateien.<\/p>\n\n\n\n<p>Weil Keep2Share das Leben seiner Kunden einfacher machen will, haben sie ein Expertenteam, das nie aufh\u00f6rt zu forschen und zu innovieren. Also wette ich, dass sogar Ihre Oma dies ohne allzu gro\u00dfe Probleme nutzen kann.<\/p>\n\n\n\n<p>Bei Systemproblemen mit Keep2Share gibt es einen reaktionsschnellen und freundlichen Kundenservice, der die Probleme der Benutzer professionell und schnell l\u00f6st.<\/p>\n\n\n\n<p>F\u00fcr eine bessere Sicherheit empfiehlt sich die Verwendung von Premium oder Premium Pro.<\/p>\n\n\n<a class=\"maxbutton-1 maxbutton maxbutton-cta\" target=\"_blank\" rel=\"nofollow noopener\" href=\"\/go\/\"><span class='mb-text'>&gt;&gt; Zur offiziellen Keep2share Website gehen<\/span><\/a>\n\n\n<p><\/p>\n","protected":false},"excerpt":{"rendered":"<p>Hatten Sie jemals Probleme beim Speichern und Verlieren Ihrer wichtigen Dateien? Nun, machen Sie sich keine Sorgen mehr, denn Keep2Share hat Sie! Haben Sie es satt, Ihre wichtigen Dokumente, Fotos, Videos und Audios oder jede andere digitale Datei, die auf Ihrem Computer gespeichert ist, aufgrund von Viren und Malware zu verlieren? Beenden Sie den \u00c4rger [&hellip;]<\/p>\n","protected":false},"author":7,"featured_media":0,"parent":0,"menu_order":0,"comment_status":"closed","ping_status":"closed","template":"full-width.php","meta":[],"_links":{"self":[{"href":"https:\/\/keep2share.me\/de\/wp-json\/wp\/v2\/pages\/283"}],"collection":[{"href":"https:\/\/keep2share.me\/de\/wp-json\/wp\/v2\/pages"}],"about":[{"href":"https:\/\/keep2share.me\/de\/wp-json\/wp\/v2\/types\/page"}],"author":[{"embeddable":true,"href":"https:\/\/keep2share.me\/de\/wp-json\/wp\/v2\/users\/7"}],"replies":[{"embeddable":true,"href":"https:\/\/keep2share.me\/de\/wp-json\/wp\/v2\/comments?post=283"}],"version-history":[{"count":1,"href":"https:\/\/keep2share.me\/de\/wp-json\/wp\/v2\/pages\/283\/revisions"}],"predecessor-version":[{"id":287,"href":"https:\/\/keep2share.me\/de\/wp-json\/wp\/v2\/pages\/283\/revisions\/287"}],"wp:attachment":[{"href":"https:\/\/keep2share.me\/de\/wp-json\/wp\/v2\/media?parent=283"}],"curies":[{"name":"wp","href":"https:\/\/api.w.org\/{rel}","templated":true}]}}